{"id":1921,"date":"2023-03-06T10:52:13","date_gmt":"2023-03-06T09:52:13","guid":{"rendered":"https:\/\/elglop.com\/privacy-policy\/"},"modified":"2026-02-26T10:50:25","modified_gmt":"2026-02-26T09:50:25","slug":"politica-de-privacidad","status":"publish","type":"page","link":"https:\/\/elglop.com\/en\/politica-de-privacidad\/","title":{"rendered":"Pol\u00edtica de Privacidad"},"content":{"rendered":"\t\t<div data-elementor-type=\"wp-page\" data-elementor-id=\"1921\" class=\"elementor elementor-1921 elementor-1000\" data-elementor-post-type=\"page\">\n\t\t\t\t\t\t<section class=\"elementor-section elementor-top-section elementor-element elementor-element-c76715f elementor-section-boxed elementor-section-height-default elementor-section-height-default\" data-id=\"c76715f\" data-element_type=\"section\" data-settings=\"{&quot;background_background&quot;:&quot;classic&quot;}\">\n\t\t\t\t\t\t<div class=\"elementor-container elementor-column-gap-default\">\n\t\t\t\t\t<div class=\"elementor-column elementor-col-100 elementor-top-column elementor-element elementor-element-a5e87da\" data-id=\"a5e87da\" data-element_type=\"column\">\n\t\t\t<div class=\"elementor-widget-wrap elementor-element-populated\">\n\t\t\t\t\t\t<div class=\"elementor-element elementor-element-45faca4 elementor-headline--style-highlight elementor-widget elementor-widget-animated-headline\" data-id=\"45faca4\" data-element_type=\"widget\" data-settings=\"{&quot;highlighted_text&quot;:&quot;Privacy Policy&quot;,&quot;headline_style&quot;:&quot;highlight&quot;,&quot;marker&quot;:&quot;circle&quot;,&quot;loop&quot;:&quot;yes&quot;,&quot;highlight_animation_duration&quot;:1200,&quot;highlight_iteration_delay&quot;:8000}\" data-widget_type=\"animated-headline.default\">\n\t\t\t\t<div class=\"elementor-widget-container\">\n\t\t\t<link rel=\"stylesheet\" href=\"https:\/\/elglop.com\/wp-content\/plugins\/pro-elements\/assets\/css\/widget-animated-headline.min.css?ver=1723072222\">\t\t<h3 class=\"elementor-headline\">\n\t\t\t\t<span class=\"elementor-headline-dynamic-wrapper elementor-headline-text-wrapper\">\n\t\t\t\t\t<span class=\"elementor-headline-dynamic-text elementor-headline-text-active\">Privacy Policy<\/span>\n\t\t\t\t<\/span>\n\t\t\t\t<\/h3>\n\t\t\t\t<\/div>\n\t\t\t\t<\/div>\n\t\t\t\t<div class=\"elementor-element elementor-element-5384ef6 elementor-widget-divider--view-line_icon elementor-view-default elementor-widget-divider--element-align-center elementor-widget elementor-widget-divider\" data-id=\"5384ef6\" data-element_type=\"widget\" data-widget_type=\"divider.default\">\n\t\t\t\t<div class=\"elementor-widget-container\">\n\t\t\t<style>\/*! elementor - v3.23.0 - 05-08-2024 *\/\n.elementor-widget-divider{--divider-border-style:none;--divider-border-width:1px;--divider-color:#0c0d0e;--divider-icon-size:20px;--divider-element-spacing:10px;--divider-pattern-height:24px;--divider-pattern-size:20px;--divider-pattern-url:none;--divider-pattern-repeat:repeat-x}.elementor-widget-divider .elementor-divider{display:flex}.elementor-widget-divider .elementor-divider__text{font-size:15px;line-height:1;max-width:95%}.elementor-widget-divider .elementor-divider__element{margin:0 var(--divider-element-spacing);flex-shrink:0}.elementor-widget-divider .elementor-icon{font-size:var(--divider-icon-size)}.elementor-widget-divider .elementor-divider-separator{display:flex;margin:0;direction:ltr}.elementor-widget-divider--view-line_icon .elementor-divider-separator,.elementor-widget-divider--view-line_text .elementor-divider-separator{align-items:center}.elementor-widget-divider--view-line_icon .elementor-divider-separator:after,.elementor-widget-divider--view-line_icon .elementor-divider-separator:before,.elementor-widget-divider--view-line_text .elementor-divider-separator:after,.elementor-widget-divider--view-line_text .elementor-divider-separator:before{display:block;content:\"\";border-block-end:0;flex-grow:1;border-block-start:var(--divider-border-width) var(--divider-border-style) var(--divider-color)}.elementor-widget-divider--element-align-left .elementor-divider .elementor-divider-separator>.elementor-divider__svg:first-of-type{flex-grow:0;flex-shrink:100}.elementor-widget-divider--element-align-left .elementor-divider-separator:before{content:none}.elementor-widget-divider--element-align-left .elementor-divider__element{margin-left:0}.elementor-widget-divider--element-align-right .elementor-divider .elementor-divider-separator>.elementor-divider__svg:last-of-type{flex-grow:0;flex-shrink:100}.elementor-widget-divider--element-align-right .elementor-divider-separator:after{content:none}.elementor-widget-divider--element-align-right .elementor-divider__element{margin-right:0}.elementor-widget-divider--element-align-start .elementor-divider .elementor-divider-separator>.elementor-divider__svg:first-of-type{flex-grow:0;flex-shrink:100}.elementor-widget-divider--element-align-start .elementor-divider-separator:before{content:none}.elementor-widget-divider--element-align-start .elementor-divider__element{margin-inline-start:0}.elementor-widget-divider--element-align-end .elementor-divider .elementor-divider-separator>.elementor-divider__svg:last-of-type{flex-grow:0;flex-shrink:100}.elementor-widget-divider--element-align-end .elementor-divider-separator:after{content:none}.elementor-widget-divider--element-align-end .elementor-divider__element{margin-inline-end:0}.elementor-widget-divider:not(.elementor-widget-divider--view-line_text):not(.elementor-widget-divider--view-line_icon) .elementor-divider-separator{border-block-start:var(--divider-border-width) var(--divider-border-style) var(--divider-color)}.elementor-widget-divider--separator-type-pattern{--divider-border-style:none}.elementor-widget-divider--separator-type-pattern.elementor-widget-divider--view-line .elementor-divider-separator,.elementor-widget-divider--separator-type-pattern:not(.elementor-widget-divider--view-line) .elementor-divider-separator:after,.elementor-widget-divider--separator-type-pattern:not(.elementor-widget-divider--view-line) .elementor-divider-separator:before,.elementor-widget-divider--separator-type-pattern:not([class*=elementor-widget-divider--view]) .elementor-divider-separator{width:100%;min-height:var(--divider-pattern-height);-webkit-mask-size:var(--divider-pattern-size) 100%;mask-size:var(--divider-pattern-size) 100%;-webkit-mask-repeat:var(--divider-pattern-repeat);mask-repeat:var(--divider-pattern-repeat);background-color:var(--divider-color);-webkit-mask-image:var(--divider-pattern-url);mask-image:var(--divider-pattern-url)}.elementor-widget-divider--no-spacing{--divider-pattern-size:auto}.elementor-widget-divider--bg-round{--divider-pattern-repeat:round}.rtl .elementor-widget-divider .elementor-divider__text{direction:rtl}.e-con-inner>.elementor-widget-divider,.e-con>.elementor-widget-divider{width:var(--container-widget-width,100%);--flex-grow:var(--container-widget-flex-grow)}<\/style>\t\t<div class=\"elementor-divider\">\n\t\t\t<span class=\"elementor-divider-separator\">\n\t\t\t\t\t\t\t<div class=\"elementor-icon elementor-divider__element\">\n\t\t\t\t\t<i aria-hidden=\"true\" class=\"fab fa-jira\"><\/i><\/div>\n\t\t\t\t\t\t<\/span>\n\t\t<\/div>\n\t\t\t\t<\/div>\n\t\t\t\t<\/div>\n\t\t\t\t\t<\/div>\n\t\t<\/div>\n\t\t\t\t\t<\/div>\n\t\t<\/section>\n\t\t\t\t<section class=\"elementor-section elementor-top-section elementor-element elementor-element-45d1ce8 elementor-section-boxed elementor-section-height-default elementor-section-height-default\" data-id=\"45d1ce8\" data-element_type=\"section\" data-settings=\"{&quot;background_background&quot;:&quot;classic&quot;}\">\n\t\t\t\t\t\t<div class=\"elementor-container elementor-column-gap-default\">\n\t\t\t\t\t<div class=\"elementor-column elementor-col-100 elementor-top-column elementor-element elementor-element-c29125a\" data-id=\"c29125a\" data-element_type=\"column\">\n\t\t\t<div class=\"elementor-widget-wrap elementor-element-populated\">\n\t\t\t\t\t\t<div class=\"elementor-element elementor-element-2d97215 elementor-widget elementor-widget-heading\" data-id=\"2d97215\" data-element_type=\"widget\" data-widget_type=\"heading.default\">\n\t\t\t\t<div class=\"elementor-widget-container\">\n\t\t\t<style>\/*! elementor - v3.23.0 - 05-08-2024 *\/\n.elementor-heading-title{padding:0;margin:0;line-height:1}.elementor-widget-heading .elementor-heading-title[class*=elementor-size-]>a{color:inherit;font-size:inherit;line-height:inherit}.elementor-widget-heading .elementor-heading-title.elementor-size-small{font-size:15px}.elementor-widget-heading .elementor-heading-title.elementor-size-medium{font-size:19px}.elementor-widget-heading .elementor-heading-title.elementor-size-large{font-size:29px}.elementor-widget-heading .elementor-heading-title.elementor-size-xl{font-size:39px}.elementor-widget-heading .elementor-heading-title.elementor-size-xxl{font-size:59px}<\/style><p class=\"elementor-heading-title elementor-size-default\"><b>Responsable del Tratamiento<\/b><br><br>The company responsible for the treatment of your data under this Privacy Policy is:<br>JORAFI S.L.<br>NIF: B60143617<br>Address: C\/ Sant Lluis, 24 08012 BARCELONA<br>Email address: info@grupelglop.com<br>Web: elglop.com\/<br>Telephone: 932 848 379<br>Registered in the Mercantile Registry of Barcelona, Volume 24259, Folio 13, Sheet B 66971, Inscp. 1a<br><br>At JORAFI S.L., we recognize the importance of protecting your personal information and are committed to treating it responsibly and in accordance with data protection laws.<br><br>This privacy policy aims to regulate all aspects related to the data processing of the different users who navigate or provide their personal data through the different forms located on the web.<br><br><b>Personal Data<\/b><br><br>Personal data is information that identifies you or makes you identifiable. Through the web, in the boxes established for this purpose, we collect the personal data that the user communicates to us: number, last name, electronic mail, telephone, postal address, population, etc., as well as all data that he voluntarily provides us through of any of the social networks of which the user is registered. In this case, privacy will depend on the configuration established by the user as well as the terms and conditions of the social network itself.<br><br>The user's visit to the website does not imply that he has to provide any information about his personal data. However, if provided, the data will be treated lawfully subject at all times to the principles and rights contained in RGPD 2016\/679 of April 27, 2016 and LOPDGDD 3\/2018 of December 5.<br><br><b>Purpose, duration and legitimacy of the treatment:<\/b><br><br>We will process the data that the user provides us with the following purposes: Improve your experience when browsing the web. We will keep these data as long as the user does not revoke their consent to their processing by deleting the cookies and during the time established by law with a minimum duration of 3 years.<br><br>The basis of legitimacy to improve your experience when browsing the web is the consent given by the user when accepting cookies. The user has the right to revoke his consent at any time without it affecting the legality of the treatment based on the consent prior to its withdrawal.<br><br>Manage our social networks and send you information about our activities and products. We will keep these data as long as the user does not revoke their consent to the treatment of them and during the time established by law with a minimum duration of 3 years.<br><br>The legitimate basis for managing our social networks and sending you our activities and news is the consent you give us for it. The user has the right to revoke his consent at any time without it affecting the legality of the treatment based on the consent prior to its withdrawal.<br><br><b>Assignment or communication of personal data<\/b><br><br>Sus datos no se comunicar\u00e1n ni ser\u00e1n cedidos a terceros, salvo que exista alguna obligaci\u00f3n legal o a aquellas empresas del grupo para fines administrativos y de gesti\u00f3n interna que actuar\u00e1n como Encargados del Tratamiento.<br><br><b>International transfers<\/b><br><br> In JORAFI S.L. We treat your data within the European Economic Area and, in general, we hire service providers located also within the European Economic Area or in countries that have been declared with an adequate level of protection.<br><br>If we need to use service providers that carry out treatments outside the European Economic Area or in countries that have not been declared with an adequate level of protection, we will make sure to guarantee the security and legitimacy of the treatment of your data by means of adequacy decisions, standard clauses, standards binding corporate agreements, exceptions or any other instrument approved by the control authority that offers adequate guarantees for the realization of the international transfer of data.<br><br>In addition, JORAFI S.L. It also uses the WhatsApp application to carry out its communications. Although the servers of the WhatsApp application for EU users are located in Ireland, communications could be made with the US servers for technical reasons that would involve an international data transfer. Therefore, the person in charge requests the explicit consent of the users in advance to be able to send communications via this medium, which can be revoked at any time.<br><br><b>Data update<\/b><br><br>It is important that so that we can keep the personal data updated, the user always informs us that there has been any modification in them, otherwise we are not responsible for the veracity of them.<br><br>The user guarantees that the personal data provided is true, guaranteeing that all the information provided corresponds to the real situation, that it is up-to-date and accurate, being obliged to communicate any modification.<br><br><b>Third Party Data<\/b><br><br>If the user provides data from third parties for any purpose to JORAFI S.L., he guarantees that he has obtained these data lawfully, that he has previously informed the affected parties, obtaining their consent to communicate them and that the information provided is accurate and truthful.<br><br><b>Rights of interested parties:<\/b><br><br>You have the right to access your data and to obtain confirmation of its treatment, as well as a copy of the personal data subject to treatment. You have the right to update them and request the rectification of inaccurate data or request deletion when the data is not necessary for the purposes for which it was collected. You can request the limitation in the treatment of your data and oppose the treatment of them by revoking your consent, as well as exercising the right to data portability. Similarly, you have the right not to be subject to decisions based solely on the automated processing of your personal data. You can exercise your rights by contacting us C. Sant Lluis, 24 - 08012 BARCELONA (Barcelona). E-mail: info@grupelglop.com<br><br>If you consider that your rights have not been properly met, you have the right to file a complaint with the Control Authority at www.aepd.es<br><br><b>Data treatment of Minors<\/b><br><br>Whoever provides the data through the forms on this website and accepts its treatment declares to be over 14 years of age, access and use of the portal being prohibited to minors of that age. If at any time, the Controller detects that a minor under the age of 14 has provided personal data, we will proceed to cancel them. Likewise, parents or guardians may in any case contact JORAFI S.L. to block the access account of dependent minors who had registered by falsifying their identity.<br><br><b>Cookies treatment<\/b><br><br>A cookie is a small file that is downloaded and stored on the user's computer when he accesses a web page.<br><br>Cookies allow the web, among other things, to store and retrieve information about the browsing habits of the user or his equipment and, depending on the information they contain and the way he uses his equipment, they can be used to recognize the user .<br><br>The user has the option to prevent the generation of cookies, by selecting the corresponding option in their browser program. You can get more information by reading our Cookies Policy<\/a><\/p>\t\t<\/div>\n\t\t\t\t<\/div>\n\t\t\t\t\t<\/div>\n\t\t<\/div>\n\t\t\t\t\t<\/div>\n\t\t<\/section>\n\t\t\t\t<\/div>\n\t\t","protected":false},"excerpt":{"rendered":"<p>Privacy Policy Responsable del Tratamiento The company responsible for the treatment of your data under this Privacy Policy is:JORAFI S.L.NIF: B60143617Address: C\/ Sant Lluis, 24 08012 BARCELONAEmail address: info@grupelglop.comWeb: elglop.com\/Telephone: 932 848 379Registered in the Mercantile Registry of Barcelona, Volume 24259, Folio 13, Sheet B 66971, Inscp. 1a At JORAFI S.L., we recognize the importance [&hellip;]<\/p>\n","protected":false},"author":7,"featured_media":0,"parent":0,"menu_order":0,"comment_status":"closed","ping_status":"closed","template":"","meta":{"footnotes":""},"class_list":["post-1921","page","type-page","status-publish","hentry"],"yoast_head":"<!-- This site is optimized with the Yoast SEO plugin v27.0 - https:\/\/yoast.com\/product\/yoast-seo-wordpress\/ -->\n<title>Pol\u00edtica de Privacidad - El Glop Barcelona<\/title>\n<meta name=\"description\" content=\"Privacy Policy Responsable del TratamientoThe company responsible for the treatment of your data under this Privacy Policy is:JORAFI S.L.NIF:\" \/>\n<meta name=\"robots\" content=\"noindex, nofollow\" \/>\n<meta property=\"og:locale\" content=\"en_US\" \/>\n<meta property=\"og:type\" content=\"article\" \/>\n<meta property=\"og:title\" content=\"Pol\u00edtica de Privacidad - El Glop Barcelona\" \/>\n<meta property=\"og:description\" content=\"Privacy Policy Responsable del TratamientoThe company responsible for the treatment of your data under this Privacy Policy is:JORAFI S.L.NIF:\" \/>\n<meta property=\"og:url\" content=\"https:\/\/elglop.com\/en\/politica-de-privacidad\/\" \/>\n<meta property=\"og:site_name\" content=\"El Glop Barcelona\" \/>\n<meta property=\"article:modified_time\" content=\"2026-02-26T09:50:25+00:00\" \/>\n<meta name=\"twitter:card\" content=\"summary_large_image\" \/>\n<meta name=\"twitter:label1\" content=\"Est. reading time\" \/>\n\t<meta name=\"twitter:data1\" content=\"6 minutes\" \/>\n<script type=\"application\/ld+json\" class=\"yoast-schema-graph\">{\"@context\":\"https:\/\/schema.org\",\"@graph\":[{\"@type\":\"WebPage\",\"@id\":\"https:\/\/elglop.com\/en\/politica-de-privacidad\/\",\"url\":\"https:\/\/elglop.com\/en\/politica-de-privacidad\/\",\"name\":\"Pol\u00edtica de Privacidad - El Glop Barcelona\",\"isPartOf\":{\"@id\":\"https:\/\/elglop.com\/#website\"},\"datePublished\":\"2023-03-06T09:52:13+00:00\",\"dateModified\":\"2026-02-26T09:50:25+00:00\",\"description\":\"Privacy Policy Responsable del TratamientoThe company responsible for the treatment of your data under this Privacy Policy is:JORAFI S.L.NIF:\",\"breadcrumb\":{\"@id\":\"https:\/\/elglop.com\/en\/politica-de-privacidad\/#breadcrumb\"},\"inLanguage\":\"en-US\",\"potentialAction\":[{\"@type\":\"ReadAction\",\"target\":[\"https:\/\/elglop.com\/en\/politica-de-privacidad\/\"]}]},{\"@type\":\"BreadcrumbList\",\"@id\":\"https:\/\/elglop.com\/en\/politica-de-privacidad\/#breadcrumb\",\"itemListElement\":[{\"@type\":\"ListItem\",\"position\":1,\"name\":\"Portada\",\"item\":\"https:\/\/elglop.com\/en\/\"},{\"@type\":\"ListItem\",\"position\":2,\"name\":\"Pol\u00edtica de Privacidad\"}]},{\"@type\":\"WebSite\",\"@id\":\"https:\/\/elglop.com\/#website\",\"url\":\"https:\/\/elglop.com\/\",\"name\":\"El Glop Barcelona\",\"description\":\"Restaurante en Barcelona. Cocina catalana y mediterranea\",\"publisher\":{\"@id\":\"https:\/\/elglop.com\/#organization\"},\"potentialAction\":[{\"@type\":\"SearchAction\",\"target\":{\"@type\":\"EntryPoint\",\"urlTemplate\":\"https:\/\/elglop.com\/?s={search_term_string}\"},\"query-input\":{\"@type\":\"PropertyValueSpecification\",\"valueRequired\":true,\"valueName\":\"search_term_string\"}}],\"inLanguage\":\"en-US\"},{\"@type\":\"Organization\",\"@id\":\"https:\/\/elglop.com\/#organization\",\"name\":\"El Glop Barcelona\",\"url\":\"https:\/\/elglop.com\/\",\"logo\":{\"@type\":\"ImageObject\",\"inLanguage\":\"en-US\",\"@id\":\"https:\/\/elglop.com\/#\/schema\/logo\/image\/\",\"url\":\"https:\/\/elglop.com\/wp-content\/uploads\/2022\/12\/EL-GLOP_PARA-FONDO-CLARO.png\",\"contentUrl\":\"https:\/\/elglop.com\/wp-content\/uploads\/2022\/12\/EL-GLOP_PARA-FONDO-CLARO.png\",\"width\":2647,\"height\":1899,\"caption\":\"El Glop Barcelona\"},\"image\":{\"@id\":\"https:\/\/elglop.com\/#\/schema\/logo\/image\/\"}}]}<\/script>\n<!-- \/ Yoast SEO plugin. -->","yoast_head_json":{"title":"Pol\u00edtica de Privacidad - El Glop Barcelona","description":"Privacy Policy Responsable del TratamientoThe company responsible for the treatment of your data under this Privacy Policy is:JORAFI S.L.NIF:","robots":{"index":"noindex","follow":"nofollow"},"og_locale":"en_US","og_type":"article","og_title":"Pol\u00edtica de Privacidad - El Glop Barcelona","og_description":"Privacy Policy Responsable del TratamientoThe company responsible for the treatment of your data under this Privacy Policy is:JORAFI S.L.NIF:","og_url":"https:\/\/elglop.com\/en\/politica-de-privacidad\/","og_site_name":"El Glop Barcelona","article_modified_time":"2026-02-26T09:50:25+00:00","twitter_card":"summary_large_image","twitter_misc":{"Est. reading time":"6 minutes"},"schema":{"@context":"https:\/\/schema.org","@graph":[{"@type":"WebPage","@id":"https:\/\/elglop.com\/en\/politica-de-privacidad\/","url":"https:\/\/elglop.com\/en\/politica-de-privacidad\/","name":"Pol\u00edtica de Privacidad - El Glop Barcelona","isPartOf":{"@id":"https:\/\/elglop.com\/#website"},"datePublished":"2023-03-06T09:52:13+00:00","dateModified":"2026-02-26T09:50:25+00:00","description":"Privacy Policy Responsable del TratamientoThe company responsible for the treatment of your data under this Privacy Policy is:JORAFI S.L.NIF:","breadcrumb":{"@id":"https:\/\/elglop.com\/en\/politica-de-privacidad\/#breadcrumb"},"inLanguage":"en-US","potentialAction":[{"@type":"ReadAction","target":["https:\/\/elglop.com\/en\/politica-de-privacidad\/"]}]},{"@type":"BreadcrumbList","@id":"https:\/\/elglop.com\/en\/politica-de-privacidad\/#breadcrumb","itemListElement":[{"@type":"ListItem","position":1,"name":"Portada","item":"https:\/\/elglop.com\/en\/"},{"@type":"ListItem","position":2,"name":"Pol\u00edtica de Privacidad"}]},{"@type":"WebSite","@id":"https:\/\/elglop.com\/#website","url":"https:\/\/elglop.com\/","name":"El Glop Barcelona","description":"Restaurante en Barcelona. Cocina catalana y mediterranea","publisher":{"@id":"https:\/\/elglop.com\/#organization"},"potentialAction":[{"@type":"SearchAction","target":{"@type":"EntryPoint","urlTemplate":"https:\/\/elglop.com\/?s={search_term_string}"},"query-input":{"@type":"PropertyValueSpecification","valueRequired":true,"valueName":"search_term_string"}}],"inLanguage":"en-US"},{"@type":"Organization","@id":"https:\/\/elglop.com\/#organization","name":"El Glop Barcelona","url":"https:\/\/elglop.com\/","logo":{"@type":"ImageObject","inLanguage":"en-US","@id":"https:\/\/elglop.com\/#\/schema\/logo\/image\/","url":"https:\/\/elglop.com\/wp-content\/uploads\/2022\/12\/EL-GLOP_PARA-FONDO-CLARO.png","contentUrl":"https:\/\/elglop.com\/wp-content\/uploads\/2022\/12\/EL-GLOP_PARA-FONDO-CLARO.png","width":2647,"height":1899,"caption":"El Glop Barcelona"},"image":{"@id":"https:\/\/elglop.com\/#\/schema\/logo\/image\/"}}]}},"_links":{"self":[{"href":"https:\/\/elglop.com\/en\/wp-json\/wp\/v2\/pages\/1921","targetHints":{"allow":["GET"]}}],"collection":[{"href":"https:\/\/elglop.com\/en\/wp-json\/wp\/v2\/pages"}],"about":[{"href":"https:\/\/elglop.com\/en\/wp-json\/wp\/v2\/types\/page"}],"author":[{"embeddable":true,"href":"https:\/\/elglop.com\/en\/wp-json\/wp\/v2\/users\/7"}],"replies":[{"embeddable":true,"href":"https:\/\/elglop.com\/en\/wp-json\/wp\/v2\/comments?post=1921"}],"version-history":[{"count":12,"href":"https:\/\/elglop.com\/en\/wp-json\/wp\/v2\/pages\/1921\/revisions"}],"predecessor-version":[{"id":4189,"href":"https:\/\/elglop.com\/en\/wp-json\/wp\/v2\/pages\/1921\/revisions\/4189"}],"wp:attachment":[{"href":"https:\/\/elglop.com\/en\/wp-json\/wp\/v2\/media?parent=1921"}],"curies":[{"name":"wp","href":"https:\/\/api.w.org\/{rel}","templated":true}]}}