{"id":1919,"date":"2023-03-06T11:06:32","date_gmt":"2023-03-06T10:06:32","guid":{"rendered":"https:\/\/elglop.com\/cookie-policy\/"},"modified":"2026-02-26T10:50:15","modified_gmt":"2026-02-26T09:50:15","slug":"politica-de-cookies","status":"publish","type":"page","link":"https:\/\/elglop.com\/en\/politica-de-cookies\/","title":{"rendered":"Pol\u00edtica de cookies"},"content":{"rendered":"\t\t<div data-elementor-type=\"wp-page\" data-elementor-id=\"1919\" class=\"elementor elementor-1919 elementor-1021\" data-elementor-post-type=\"page\">\n\t\t\t\t\t\t<section class=\"elementor-section elementor-top-section elementor-element elementor-element-590f87a elementor-section-boxed elementor-section-height-default elementor-section-height-default\" data-id=\"590f87a\" data-element_type=\"section\" data-settings=\"{&quot;background_background&quot;:&quot;classic&quot;}\">\n\t\t\t\t\t\t<div class=\"elementor-container elementor-column-gap-default\">\n\t\t\t\t\t<div class=\"elementor-column elementor-col-100 elementor-top-column elementor-element elementor-element-6154c4e\" data-id=\"6154c4e\" data-element_type=\"column\">\n\t\t\t<div class=\"elementor-widget-wrap elementor-element-populated\">\n\t\t\t\t\t\t<div class=\"elementor-element elementor-element-fd8fa58 elementor-headline--style-highlight elementor-widget elementor-widget-animated-headline\" data-id=\"fd8fa58\" data-element_type=\"widget\" data-settings=\"{&quot;highlighted_text&quot;:&quot;Cookie Policy&quot;,&quot;headline_style&quot;:&quot;highlight&quot;,&quot;marker&quot;:&quot;circle&quot;,&quot;loop&quot;:&quot;yes&quot;,&quot;highlight_animation_duration&quot;:1200,&quot;highlight_iteration_delay&quot;:8000}\" data-widget_type=\"animated-headline.default\">\n\t\t\t\t<div class=\"elementor-widget-container\">\n\t\t\t<link rel=\"stylesheet\" href=\"https:\/\/elglop.com\/wp-content\/plugins\/pro-elements\/assets\/css\/widget-animated-headline.min.css?ver=1723072222\">\t\t<h3 class=\"elementor-headline\">\n\t\t\t\t<span class=\"elementor-headline-dynamic-wrapper elementor-headline-text-wrapper\">\n\t\t\t\t\t<span class=\"elementor-headline-dynamic-text elementor-headline-text-active\">Cookie Policy<\/span>\n\t\t\t\t<\/span>\n\t\t\t\t<\/h3>\n\t\t\t\t<\/div>\n\t\t\t\t<\/div>\n\t\t\t\t<div class=\"elementor-element elementor-element-6624dbf elementor-widget-divider--view-line_icon elementor-view-default elementor-widget-divider--element-align-center elementor-widget elementor-widget-divider\" data-id=\"6624dbf\" data-element_type=\"widget\" data-widget_type=\"divider.default\">\n\t\t\t\t<div class=\"elementor-widget-container\">\n\t\t\t<style>\/*! elementor - v3.23.0 - 05-08-2024 *\/\n.elementor-widget-divider{--divider-border-style:none;--divider-border-width:1px;--divider-color:#0c0d0e;--divider-icon-size:20px;--divider-element-spacing:10px;--divider-pattern-height:24px;--divider-pattern-size:20px;--divider-pattern-url:none;--divider-pattern-repeat:repeat-x}.elementor-widget-divider .elementor-divider{display:flex}.elementor-widget-divider .elementor-divider__text{font-size:15px;line-height:1;max-width:95%}.elementor-widget-divider .elementor-divider__element{margin:0 var(--divider-element-spacing);flex-shrink:0}.elementor-widget-divider .elementor-icon{font-size:var(--divider-icon-size)}.elementor-widget-divider .elementor-divider-separator{display:flex;margin:0;direction:ltr}.elementor-widget-divider--view-line_icon .elementor-divider-separator,.elementor-widget-divider--view-line_text .elementor-divider-separator{align-items:center}.elementor-widget-divider--view-line_icon .elementor-divider-separator:after,.elementor-widget-divider--view-line_icon .elementor-divider-separator:before,.elementor-widget-divider--view-line_text .elementor-divider-separator:after,.elementor-widget-divider--view-line_text .elementor-divider-separator:before{display:block;content:\"\";border-block-end:0;flex-grow:1;border-block-start:var(--divider-border-width) var(--divider-border-style) var(--divider-color)}.elementor-widget-divider--element-align-left .elementor-divider .elementor-divider-separator>.elementor-divider__svg:first-of-type{flex-grow:0;flex-shrink:100}.elementor-widget-divider--element-align-left .elementor-divider-separator:before{content:none}.elementor-widget-divider--element-align-left .elementor-divider__element{margin-left:0}.elementor-widget-divider--element-align-right .elementor-divider .elementor-divider-separator>.elementor-divider__svg:last-of-type{flex-grow:0;flex-shrink:100}.elementor-widget-divider--element-align-right .elementor-divider-separator:after{content:none}.elementor-widget-divider--element-align-right .elementor-divider__element{margin-right:0}.elementor-widget-divider--element-align-start .elementor-divider .elementor-divider-separator>.elementor-divider__svg:first-of-type{flex-grow:0;flex-shrink:100}.elementor-widget-divider--element-align-start .elementor-divider-separator:before{content:none}.elementor-widget-divider--element-align-start .elementor-divider__element{margin-inline-start:0}.elementor-widget-divider--element-align-end .elementor-divider .elementor-divider-separator>.elementor-divider__svg:last-of-type{flex-grow:0;flex-shrink:100}.elementor-widget-divider--element-align-end .elementor-divider-separator:after{content:none}.elementor-widget-divider--element-align-end .elementor-divider__element{margin-inline-end:0}.elementor-widget-divider:not(.elementor-widget-divider--view-line_text):not(.elementor-widget-divider--view-line_icon) .elementor-divider-separator{border-block-start:var(--divider-border-width) var(--divider-border-style) var(--divider-color)}.elementor-widget-divider--separator-type-pattern{--divider-border-style:none}.elementor-widget-divider--separator-type-pattern.elementor-widget-divider--view-line .elementor-divider-separator,.elementor-widget-divider--separator-type-pattern:not(.elementor-widget-divider--view-line) .elementor-divider-separator:after,.elementor-widget-divider--separator-type-pattern:not(.elementor-widget-divider--view-line) .elementor-divider-separator:before,.elementor-widget-divider--separator-type-pattern:not([class*=elementor-widget-divider--view]) .elementor-divider-separator{width:100%;min-height:var(--divider-pattern-height);-webkit-mask-size:var(--divider-pattern-size) 100%;mask-size:var(--divider-pattern-size) 100%;-webkit-mask-repeat:var(--divider-pattern-repeat);mask-repeat:var(--divider-pattern-repeat);background-color:var(--divider-color);-webkit-mask-image:var(--divider-pattern-url);mask-image:var(--divider-pattern-url)}.elementor-widget-divider--no-spacing{--divider-pattern-size:auto}.elementor-widget-divider--bg-round{--divider-pattern-repeat:round}.rtl .elementor-widget-divider .elementor-divider__text{direction:rtl}.e-con-inner>.elementor-widget-divider,.e-con>.elementor-widget-divider{width:var(--container-widget-width,100%);--flex-grow:var(--container-widget-flex-grow)}<\/style>\t\t<div class=\"elementor-divider\">\n\t\t\t<span class=\"elementor-divider-separator\">\n\t\t\t\t\t\t\t<div class=\"elementor-icon elementor-divider__element\">\n\t\t\t\t\t<i aria-hidden=\"true\" class=\"fab fa-jira\"><\/i><\/div>\n\t\t\t\t\t\t<\/span>\n\t\t<\/div>\n\t\t\t\t<\/div>\n\t\t\t\t<\/div>\n\t\t\t\t\t<\/div>\n\t\t<\/div>\n\t\t\t\t\t<\/div>\n\t\t<\/section>\n\t\t\t\t<section class=\"elementor-section elementor-top-section elementor-element elementor-element-d7c2083 elementor-section-boxed elementor-section-height-default elementor-section-height-default\" data-id=\"d7c2083\" data-element_type=\"section\" data-settings=\"{&quot;background_background&quot;:&quot;classic&quot;}\">\n\t\t\t\t\t\t<div class=\"elementor-container elementor-column-gap-default\">\n\t\t\t\t\t<div class=\"elementor-column elementor-col-100 elementor-top-column elementor-element elementor-element-8454e3f\" data-id=\"8454e3f\" data-element_type=\"column\">\n\t\t\t<div class=\"elementor-widget-wrap elementor-element-populated\">\n\t\t\t\t\t\t<div class=\"elementor-element elementor-element-dbc1351 elementor-widget elementor-widget-heading\" data-id=\"dbc1351\" data-element_type=\"widget\" data-widget_type=\"heading.default\">\n\t\t\t\t<div class=\"elementor-widget-container\">\n\t\t\t<style>\/*! elementor - v3.23.0 - 05-08-2024 *\/\n.elementor-heading-title{padding:0;margin:0;line-height:1}.elementor-widget-heading .elementor-heading-title[class*=elementor-size-]>a{color:inherit;font-size:inherit;line-height:inherit}.elementor-widget-heading .elementor-heading-title.elementor-size-small{font-size:15px}.elementor-widget-heading .elementor-heading-title.elementor-size-medium{font-size:19px}.elementor-widget-heading .elementor-heading-title.elementor-size-large{font-size:29px}.elementor-widget-heading .elementor-heading-title.elementor-size-xl{font-size:39px}.elementor-widget-heading .elementor-heading-title.elementor-size-xxl{font-size:59px}<\/style><p class=\"elementor-heading-title elementor-size-default\">The purpose of this cookie policy is to provide clear and precise information about the cookies used on our website.<br><br>We use our own and third-party cookies to improve our services, personalize our website, facilitate navigation for our users, provide you with a better experience in using the website, identify problems to improve it, make measurements and statistics of use and show you advertising related to your preferences by analyzing the use of the website.<br><br>We inform you that we may use cookies on your device provided that the user has given his or her consent, except in cases where cookies are necessary for browsing our website. If you consent, we may use cookies to enable us to learn more about your preferences and customize our website according to your individual interests.<br><br><b>WHAT ARE COOKIES?<\/b><br><br>Cookies and other similar technologies such as local shared objects, flash cookies or pixels are tools used by Web servers to store and retrieve information about their visitors, as well as to ensure the correct functioning of the site. <br><br><b>TYPES OF COOKIES<\/b><br><br>Types of cookies depending on the entity that manages them:<br><br>Own cookies: are those that are sent to the user's terminal equipment from a computer or domain managed by the owner of the website and from which the service requested by the user is provided.<br><br>Third-party cookies: are those that are sent to the user's terminal equipment from a computer or domain that is not managed by the owner of the website from which the service requested by the user is provided, but by another entity that processes the data obtained through the cookies. Likewise, in the event that cookies are installed from a computer or domain managed by the owner of the website but the information collected through them is managed by a third party, they will also be considered third-party cookies.<br><br><b>Types of cookies according to their purpose:<\/b><br> Technical cookies: These are cookies that allow the user to navigate through a website, platform or application and use the different options or services that exist therein, including those that the editor uses to allow the management and operation of the website and enable its functions and services, such as, for example, controlling traffic and data communication, identifying the session, accessing restricted access parts, remembering the elements that make up an order, carrying out the purchase process of an order, managing payment, controlling fraud linked to the security of the service, making the request for registration or participation in an event, counting visits for the purposes of billing licenses for the software with which the service works (website, platform or application), using security elements during navigation, storing content for the dissemination of videos or sound, enabling dynamic content (for example, animation for loading a text or image) or sharing content through social networks.<br><br>Also belonging to this category, due to their technical nature, are those cookies that allow the management, in the most efficient way possible, of the advertising spaces that, as another element of design or \"layout\" of the service offered to the user, the editor has included in a web page, application or platform based on criteria such as the edited content, without collecting information from users for different purposes, such as personalizing that advertising content or other content.<br><br>Preference or personalization cookies: These are cookies that allow information to be remembered so that the user accesses the service with certain characteristics that may differentiate their experience from that of other users, such as, for example, the language, the number of results to be displayed when the user performs a search, the appearance or content of the service depending on the type of browser through which the user accesses the service or the region from which the user accesses the service, etc.<br><br>Analysis or measurement cookies: These are those that allow the person responsible for them to monitor and analyse the behaviour of users of the websites to which they are linked, including the quantification of the impact of advertisements. The information collected through this type of cookies is used to measure the activity of the websites, application or platform, in order to introduce improvements based on the analysis of the data on the use made by users of the service.<br> Behavioural advertising cookies: these are those that allow the management, in the most efficient way possible, of the advertising spaces on the website. These cookies store information on user behaviour obtained through continuous observation of their browsing habits, which allows the development of a specific profile to display advertising based on this.<br> Geolocation cookies: used to know where a user is located when requesting a service. This cookie is anonymous and is used, for example, to offer you the appropriate information depending on the country you are in.<br><br>Types of cookies according to the length of time they remain activated: <\/b><br> Cookies de sesi\u00f3n: son aquellas dise\u00f1adas para recabar y almacenar datos mientras el usuario accede a una p\u00e1gina web. They are usually used to store information that is only of interest to be kept for the provision of the service requested by the user on a single occasion (for example, a list of purchased products) and disappear at the end of the session.<br><br>Persistent cookies: these are cookies in which the data remains stored on the device and can be accessed and processed for a period defined by the person responsible for the cookie, which can range from a few minutes to several years. <br><br><table><tr><td>Denominaci\u00f3n<\/td><td>Titular<\/td><td>Duraci\u00f3n<\/td><td>Finalidad<\/td><\/tr><tr><td>1P_JAR<\/td><td>Google Ads<\/td><td>Persistente<\/td><td>Finalidad Publicitaria<\/td><\/tr><tr><td>s_vi<\/td><td>Adobe analytics<\/td><td>1 d\u00eda<\/td><td>Marca de fecha y hora del identificador de visitante \u00fanico<\/td><\/tr><tr><td>PHPSESSID<\/td><td>Cookie t\u00e9cnica<\/td><td>Sesi\u00f3n<\/td><td>Contains the session ID. It is deleted when the browser is closed<\/td><\/tr><\/table><\/p>\t\t<\/div>\n\t\t\t\t<\/div>\n\t\t\t\t<div class=\"elementor-element elementor-element-72327c8 elementor-widget elementor-widget-heading\" data-id=\"72327c8\" data-element_type=\"widget\" data-widget_type=\"heading.default\">\n\t\t\t\t<div class=\"elementor-widget-container\">\n\t\t\t<p class=\"elementor-heading-title elementor-size-default\"><b>HOW TO DISABLE COOKIES IN BROWSERS?<\/b><br><br>The user may, at any time, allow, block or delete the cookies installed on his\/her computer by modifying the configuration parameters of the browser installed on his\/her computer:<br><br>Chrome Configuraci\u00f3n -&gt; Mostrar opciones avanzadas -&gt; Privacidad -&gt; Configuraci\u00f3n del contenido. For more information, you can consult Google support or the browser's Help.<br><br>Edge Herramientas -&gt; Opciones de Internet -&gt; Privacidad -&gt; Configuraci\u00f3n. For more information, you can consult Microsoft support or your browser's Help.<br><br>Firefox: Herramientas -&gt;Opciones -&gt; Privacidad -&gt; Historial -&gt; Configuraci\u00f3n Personalizada. For more information, you can consult Mozilla support or the browser's Help.<br><br>Safari Preferencias -&gt; Seguridad. For more information, you can consult Apple support or Browser Help <br><br>Disabling cookies does not prevent you from browsing the website, although the use of some of its services may be limited and, therefore, your browsing experience may be less satisfactory.<br><br><b>WITHDRAW CONSENT<\/b><br><br>The user may withdraw his\/her consent related to the Cookies Policy at any time, and may delete the cookies stored on his\/her computer through the settings and configurations of his\/her Internet browser, indicated above.<br><br>This Cookie Policy may be modified when required by current legislation at any time or when there is any variation in the type of cookies used on the website. For this reason, we recommend that you review this policy each time you access our website in order to be properly informed about how and why we use cookies.<\/p>\t\t<\/div>\n\t\t\t\t<\/div>\n\t\t\t\t\t<\/div>\n\t\t<\/div>\n\t\t\t\t\t<\/div>\n\t\t<\/section>\n\t\t\t\t<\/div>\n\t\t","protected":false},"excerpt":{"rendered":"<p>Cookie Policy The purpose of this cookie policy is to provide clear and precise information about the cookies used on our website. We use our own and third-party cookies to improve our services, personalize our website, facilitate navigation for our users, provide you with a better experience in using the website, identify problems to improve [&hellip;]<\/p>\n","protected":false},"author":7,"featured_media":0,"parent":0,"menu_order":0,"comment_status":"closed","ping_status":"closed","template":"","meta":{"footnotes":""},"class_list":["post-1919","page","type-page","status-publish","hentry"],"yoast_head":"<!-- This site is optimized with the Yoast SEO plugin v27.0 - https:\/\/yoast.com\/product\/yoast-seo-wordpress\/ -->\n<title>Pol\u00edtica de cookies - El Glop Barcelona<\/title>\n<meta name=\"description\" content=\"Cookie Policy The purpose of this cookie policy is to provide clear and precise information about the cookies used on our website.We use our own and\" \/>\n<meta name=\"robots\" content=\"noindex, nofollow\" \/>\n<meta property=\"og:locale\" content=\"en_US\" \/>\n<meta property=\"og:type\" content=\"article\" \/>\n<meta property=\"og:title\" content=\"Pol\u00edtica de cookies - El Glop Barcelona\" \/>\n<meta property=\"og:description\" content=\"Cookie Policy The purpose of this cookie policy is to provide clear and precise information about the cookies used on our website.We use our own and\" \/>\n<meta property=\"og:url\" content=\"https:\/\/elglop.com\/en\/politica-de-cookies\/\" \/>\n<meta property=\"og:site_name\" content=\"El Glop Barcelona\" \/>\n<meta property=\"article:modified_time\" content=\"2026-02-26T09:50:15+00:00\" \/>\n<meta name=\"twitter:card\" content=\"summary_large_image\" \/>\n<meta name=\"twitter:label1\" content=\"Est. reading time\" \/>\n\t<meta name=\"twitter:data1\" content=\"6 minutes\" \/>\n<script type=\"application\/ld+json\" class=\"yoast-schema-graph\">{\"@context\":\"https:\/\/schema.org\",\"@graph\":[{\"@type\":\"WebPage\",\"@id\":\"https:\/\/elglop.com\/en\/politica-de-cookies\/\",\"url\":\"https:\/\/elglop.com\/en\/politica-de-cookies\/\",\"name\":\"Pol\u00edtica de cookies - El Glop Barcelona\",\"isPartOf\":{\"@id\":\"https:\/\/elglop.com\/#website\"},\"datePublished\":\"2023-03-06T10:06:32+00:00\",\"dateModified\":\"2026-02-26T09:50:15+00:00\",\"description\":\"Cookie Policy The purpose of this cookie policy is to provide clear and precise information about the cookies used on our website.We use our own and\",\"breadcrumb\":{\"@id\":\"https:\/\/elglop.com\/en\/politica-de-cookies\/#breadcrumb\"},\"inLanguage\":\"en-US\",\"potentialAction\":[{\"@type\":\"ReadAction\",\"target\":[\"https:\/\/elglop.com\/en\/politica-de-cookies\/\"]}]},{\"@type\":\"BreadcrumbList\",\"@id\":\"https:\/\/elglop.com\/en\/politica-de-cookies\/#breadcrumb\",\"itemListElement\":[{\"@type\":\"ListItem\",\"position\":1,\"name\":\"Portada\",\"item\":\"https:\/\/elglop.com\/en\/\"},{\"@type\":\"ListItem\",\"position\":2,\"name\":\"Pol\u00edtica de cookies\"}]},{\"@type\":\"WebSite\",\"@id\":\"https:\/\/elglop.com\/#website\",\"url\":\"https:\/\/elglop.com\/\",\"name\":\"El Glop Barcelona\",\"description\":\"Restaurante en Barcelona. Cocina catalana y mediterranea\",\"publisher\":{\"@id\":\"https:\/\/elglop.com\/#organization\"},\"potentialAction\":[{\"@type\":\"SearchAction\",\"target\":{\"@type\":\"EntryPoint\",\"urlTemplate\":\"https:\/\/elglop.com\/?s={search_term_string}\"},\"query-input\":{\"@type\":\"PropertyValueSpecification\",\"valueRequired\":true,\"valueName\":\"search_term_string\"}}],\"inLanguage\":\"en-US\"},{\"@type\":\"Organization\",\"@id\":\"https:\/\/elglop.com\/#organization\",\"name\":\"El Glop Barcelona\",\"url\":\"https:\/\/elglop.com\/\",\"logo\":{\"@type\":\"ImageObject\",\"inLanguage\":\"en-US\",\"@id\":\"https:\/\/elglop.com\/#\/schema\/logo\/image\/\",\"url\":\"https:\/\/elglop.com\/wp-content\/uploads\/2022\/12\/EL-GLOP_PARA-FONDO-CLARO.png\",\"contentUrl\":\"https:\/\/elglop.com\/wp-content\/uploads\/2022\/12\/EL-GLOP_PARA-FONDO-CLARO.png\",\"width\":2647,\"height\":1899,\"caption\":\"El Glop Barcelona\"},\"image\":{\"@id\":\"https:\/\/elglop.com\/#\/schema\/logo\/image\/\"}}]}<\/script>\n<!-- \/ Yoast SEO plugin. -->","yoast_head_json":{"title":"Pol\u00edtica de cookies - El Glop Barcelona","description":"Cookie Policy The purpose of this cookie policy is to provide clear and precise information about the cookies used on our website.We use our own and","robots":{"index":"noindex","follow":"nofollow"},"og_locale":"en_US","og_type":"article","og_title":"Pol\u00edtica de cookies - El Glop Barcelona","og_description":"Cookie Policy The purpose of this cookie policy is to provide clear and precise information about the cookies used on our website.We use our own and","og_url":"https:\/\/elglop.com\/en\/politica-de-cookies\/","og_site_name":"El Glop Barcelona","article_modified_time":"2026-02-26T09:50:15+00:00","twitter_card":"summary_large_image","twitter_misc":{"Est. reading time":"6 minutes"},"schema":{"@context":"https:\/\/schema.org","@graph":[{"@type":"WebPage","@id":"https:\/\/elglop.com\/en\/politica-de-cookies\/","url":"https:\/\/elglop.com\/en\/politica-de-cookies\/","name":"Pol\u00edtica de cookies - El Glop Barcelona","isPartOf":{"@id":"https:\/\/elglop.com\/#website"},"datePublished":"2023-03-06T10:06:32+00:00","dateModified":"2026-02-26T09:50:15+00:00","description":"Cookie Policy The purpose of this cookie policy is to provide clear and precise information about the cookies used on our website.We use our own and","breadcrumb":{"@id":"https:\/\/elglop.com\/en\/politica-de-cookies\/#breadcrumb"},"inLanguage":"en-US","potentialAction":[{"@type":"ReadAction","target":["https:\/\/elglop.com\/en\/politica-de-cookies\/"]}]},{"@type":"BreadcrumbList","@id":"https:\/\/elglop.com\/en\/politica-de-cookies\/#breadcrumb","itemListElement":[{"@type":"ListItem","position":1,"name":"Portada","item":"https:\/\/elglop.com\/en\/"},{"@type":"ListItem","position":2,"name":"Pol\u00edtica de cookies"}]},{"@type":"WebSite","@id":"https:\/\/elglop.com\/#website","url":"https:\/\/elglop.com\/","name":"El Glop Barcelona","description":"Restaurante en Barcelona. Cocina catalana y mediterranea","publisher":{"@id":"https:\/\/elglop.com\/#organization"},"potentialAction":[{"@type":"SearchAction","target":{"@type":"EntryPoint","urlTemplate":"https:\/\/elglop.com\/?s={search_term_string}"},"query-input":{"@type":"PropertyValueSpecification","valueRequired":true,"valueName":"search_term_string"}}],"inLanguage":"en-US"},{"@type":"Organization","@id":"https:\/\/elglop.com\/#organization","name":"El Glop Barcelona","url":"https:\/\/elglop.com\/","logo":{"@type":"ImageObject","inLanguage":"en-US","@id":"https:\/\/elglop.com\/#\/schema\/logo\/image\/","url":"https:\/\/elglop.com\/wp-content\/uploads\/2022\/12\/EL-GLOP_PARA-FONDO-CLARO.png","contentUrl":"https:\/\/elglop.com\/wp-content\/uploads\/2022\/12\/EL-GLOP_PARA-FONDO-CLARO.png","width":2647,"height":1899,"caption":"El Glop Barcelona"},"image":{"@id":"https:\/\/elglop.com\/#\/schema\/logo\/image\/"}}]}},"_links":{"self":[{"href":"https:\/\/elglop.com\/en\/wp-json\/wp\/v2\/pages\/1919","targetHints":{"allow":["GET"]}}],"collection":[{"href":"https:\/\/elglop.com\/en\/wp-json\/wp\/v2\/pages"}],"about":[{"href":"https:\/\/elglop.com\/en\/wp-json\/wp\/v2\/types\/page"}],"author":[{"embeddable":true,"href":"https:\/\/elglop.com\/en\/wp-json\/wp\/v2\/users\/7"}],"replies":[{"embeddable":true,"href":"https:\/\/elglop.com\/en\/wp-json\/wp\/v2\/comments?post=1919"}],"version-history":[{"count":13,"href":"https:\/\/elglop.com\/en\/wp-json\/wp\/v2\/pages\/1919\/revisions"}],"predecessor-version":[{"id":4197,"href":"https:\/\/elglop.com\/en\/wp-json\/wp\/v2\/pages\/1919\/revisions\/4197"}],"wp:attachment":[{"href":"https:\/\/elglop.com\/en\/wp-json\/wp\/v2\/media?parent=1919"}],"curies":[{"name":"wp","href":"https:\/\/api.w.org\/{rel}","templated":true}]}}