{"id":1908,"date":"2023-03-06T11:06:32","date_gmt":"2023-03-06T10:06:32","guid":{"rendered":"https:\/\/elglop.com\/politica-de-cookies\/"},"modified":"2026-02-26T11:05:03","modified_gmt":"2026-02-26T10:05:03","slug":"politica-de-cookies","status":"publish","type":"page","link":"https:\/\/elglop.com\/ca\/politica-de-cookies\/","title":{"rendered":"Pol\u00edtica de cookies"},"content":{"rendered":"\t\t<div data-elementor-type=\"wp-page\" data-elementor-id=\"1908\" class=\"elementor elementor-1908 elementor-1021\" data-elementor-post-type=\"page\">\n\t\t\t\t\t\t<section class=\"elementor-section elementor-top-section elementor-element elementor-element-590f87a elementor-section-boxed elementor-section-height-default elementor-section-height-default\" data-id=\"590f87a\" data-element_type=\"section\" data-settings=\"{&quot;background_background&quot;:&quot;classic&quot;}\">\n\t\t\t\t\t\t<div class=\"elementor-container elementor-column-gap-default\">\n\t\t\t\t\t<div class=\"elementor-column elementor-col-100 elementor-top-column elementor-element elementor-element-6154c4e\" data-id=\"6154c4e\" data-element_type=\"column\">\n\t\t\t<div class=\"elementor-widget-wrap elementor-element-populated\">\n\t\t\t\t\t\t<div class=\"elementor-element elementor-element-fd8fa58 elementor-headline--style-highlight elementor-widget elementor-widget-animated-headline\" data-id=\"fd8fa58\" data-element_type=\"widget\" data-settings=\"{&quot;highlighted_text&quot;:&quot;Pol\\u00edtica de cookies&quot;,&quot;headline_style&quot;:&quot;highlight&quot;,&quot;marker&quot;:&quot;circle&quot;,&quot;loop&quot;:&quot;yes&quot;,&quot;highlight_animation_duration&quot;:1200,&quot;highlight_iteration_delay&quot;:8000}\" data-widget_type=\"animated-headline.default\">\n\t\t\t\t<div class=\"elementor-widget-container\">\n\t\t\t<link rel=\"stylesheet\" href=\"https:\/\/elglop.com\/wp-content\/plugins\/pro-elements\/assets\/css\/widget-animated-headline.min.css?ver=1723072222\">\t\t<h3 class=\"elementor-headline\">\n\t\t\t\t<span class=\"elementor-headline-dynamic-wrapper elementor-headline-text-wrapper\">\n\t\t\t\t\t<span class=\"elementor-headline-dynamic-text elementor-headline-text-active\">Pol\u00edtica de cookies<\/span>\n\t\t\t\t<\/span>\n\t\t\t\t<\/h3>\n\t\t\t\t<\/div>\n\t\t\t\t<\/div>\n\t\t\t\t<div class=\"elementor-element elementor-element-6624dbf elementor-widget-divider--view-line_icon elementor-view-default elementor-widget-divider--element-align-center elementor-widget elementor-widget-divider\" data-id=\"6624dbf\" data-element_type=\"widget\" data-widget_type=\"divider.default\">\n\t\t\t\t<div class=\"elementor-widget-container\">\n\t\t\t<style>\/*! elementor - v3.23.0 - 05-08-2024 *\/\n.elementor-widget-divider{--divider-border-style:none;--divider-border-width:1px;--divider-color:#0c0d0e;--divider-icon-size:20px;--divider-element-spacing:10px;--divider-pattern-height:24px;--divider-pattern-size:20px;--divider-pattern-url:none;--divider-pattern-repeat:repeat-x}.elementor-widget-divider .elementor-divider{display:flex}.elementor-widget-divider .elementor-divider__text{font-size:15px;line-height:1;max-width:95%}.elementor-widget-divider .elementor-divider__element{margin:0 var(--divider-element-spacing);flex-shrink:0}.elementor-widget-divider .elementor-icon{font-size:var(--divider-icon-size)}.elementor-widget-divider .elementor-divider-separator{display:flex;margin:0;direction:ltr}.elementor-widget-divider--view-line_icon .elementor-divider-separator,.elementor-widget-divider--view-line_text .elementor-divider-separator{align-items:center}.elementor-widget-divider--view-line_icon .elementor-divider-separator:after,.elementor-widget-divider--view-line_icon .elementor-divider-separator:before,.elementor-widget-divider--view-line_text .elementor-divider-separator:after,.elementor-widget-divider--view-line_text .elementor-divider-separator:before{display:block;content:\"\";border-block-end:0;flex-grow:1;border-block-start:var(--divider-border-width) var(--divider-border-style) var(--divider-color)}.elementor-widget-divider--element-align-left .elementor-divider .elementor-divider-separator>.elementor-divider__svg:first-of-type{flex-grow:0;flex-shrink:100}.elementor-widget-divider--element-align-left .elementor-divider-separator:before{content:none}.elementor-widget-divider--element-align-left .elementor-divider__element{margin-left:0}.elementor-widget-divider--element-align-right .elementor-divider .elementor-divider-separator>.elementor-divider__svg:last-of-type{flex-grow:0;flex-shrink:100}.elementor-widget-divider--element-align-right .elementor-divider-separator:after{content:none}.elementor-widget-divider--element-align-right .elementor-divider__element{margin-right:0}.elementor-widget-divider--element-align-start .elementor-divider .elementor-divider-separator>.elementor-divider__svg:first-of-type{flex-grow:0;flex-shrink:100}.elementor-widget-divider--element-align-start .elementor-divider-separator:before{content:none}.elementor-widget-divider--element-align-start .elementor-divider__element{margin-inline-start:0}.elementor-widget-divider--element-align-end .elementor-divider .elementor-divider-separator>.elementor-divider__svg:last-of-type{flex-grow:0;flex-shrink:100}.elementor-widget-divider--element-align-end .elementor-divider-separator:after{content:none}.elementor-widget-divider--element-align-end .elementor-divider__element{margin-inline-end:0}.elementor-widget-divider:not(.elementor-widget-divider--view-line_text):not(.elementor-widget-divider--view-line_icon) .elementor-divider-separator{border-block-start:var(--divider-border-width) var(--divider-border-style) var(--divider-color)}.elementor-widget-divider--separator-type-pattern{--divider-border-style:none}.elementor-widget-divider--separator-type-pattern.elementor-widget-divider--view-line .elementor-divider-separator,.elementor-widget-divider--separator-type-pattern:not(.elementor-widget-divider--view-line) .elementor-divider-separator:after,.elementor-widget-divider--separator-type-pattern:not(.elementor-widget-divider--view-line) .elementor-divider-separator:before,.elementor-widget-divider--separator-type-pattern:not([class*=elementor-widget-divider--view]) .elementor-divider-separator{width:100%;min-height:var(--divider-pattern-height);-webkit-mask-size:var(--divider-pattern-size) 100%;mask-size:var(--divider-pattern-size) 100%;-webkit-mask-repeat:var(--divider-pattern-repeat);mask-repeat:var(--divider-pattern-repeat);background-color:var(--divider-color);-webkit-mask-image:var(--divider-pattern-url);mask-image:var(--divider-pattern-url)}.elementor-widget-divider--no-spacing{--divider-pattern-size:auto}.elementor-widget-divider--bg-round{--divider-pattern-repeat:round}.rtl .elementor-widget-divider .elementor-divider__text{direction:rtl}.e-con-inner>.elementor-widget-divider,.e-con>.elementor-widget-divider{width:var(--container-widget-width,100%);--flex-grow:var(--container-widget-flex-grow)}<\/style>\t\t<div class=\"elementor-divider\">\n\t\t\t<span class=\"elementor-divider-separator\">\n\t\t\t\t\t\t\t<div class=\"elementor-icon elementor-divider__element\">\n\t\t\t\t\t<i aria-hidden=\"true\" class=\"fab fa-jira\"><\/i><\/div>\n\t\t\t\t\t\t<\/span>\n\t\t<\/div>\n\t\t\t\t<\/div>\n\t\t\t\t<\/div>\n\t\t\t\t\t<\/div>\n\t\t<\/div>\n\t\t\t\t\t<\/div>\n\t\t<\/section>\n\t\t\t\t<section class=\"elementor-section elementor-top-section elementor-element elementor-element-d7c2083 elementor-section-boxed elementor-section-height-default elementor-section-height-default\" data-id=\"d7c2083\" data-element_type=\"section\" data-settings=\"{&quot;background_background&quot;:&quot;classic&quot;}\">\n\t\t\t\t\t\t<div class=\"elementor-container elementor-column-gap-default\">\n\t\t\t\t\t<div class=\"elementor-column elementor-col-100 elementor-top-column elementor-element elementor-element-8454e3f\" data-id=\"8454e3f\" data-element_type=\"column\">\n\t\t\t<div class=\"elementor-widget-wrap elementor-element-populated\">\n\t\t\t\t\t\t<div class=\"elementor-element elementor-element-dbc1351 elementor-widget elementor-widget-heading\" data-id=\"dbc1351\" data-element_type=\"widget\" data-widget_type=\"heading.default\">\n\t\t\t\t<div class=\"elementor-widget-container\">\n\t\t\t<style>\/*! elementor - v3.23.0 - 05-08-2024 *\/\n.elementor-heading-title{padding:0;margin:0;line-height:1}.elementor-widget-heading .elementor-heading-title[class*=elementor-size-]>a{color:inherit;font-size:inherit;line-height:inherit}.elementor-widget-heading .elementor-heading-title.elementor-size-small{font-size:15px}.elementor-widget-heading .elementor-heading-title.elementor-size-medium{font-size:19px}.elementor-widget-heading .elementor-heading-title.elementor-size-large{font-size:29px}.elementor-widget-heading .elementor-heading-title.elementor-size-xl{font-size:39px}.elementor-widget-heading .elementor-heading-title.elementor-size-xxl{font-size:59px}<\/style><p class=\"elementor-heading-title elementor-size-default\">Aquesta pol\u00edtica de cookies t\u00e9 per finalitat informar de manera clara i precisa sobre les cookies que s'utilitzen a la nostra web.<br><br>Utilitzem cookies pr\u00f2pies i de tercers per millorar els nostres serveis, personalitzar el nostre lloc web, facilitar la navegaci\u00f3 dels nostres usuaris, proporcionar-li una millor experi\u00e8ncia a l'\u00fas del lloc web, identificar els problemes per millorar el mateix, fer medicions i estad\u00edstiques d'\u00fas i mostrar publicitat. relacionada amb les seves prefer\u00e8ncies mitjan\u00e7ant l'an\u00e0lisi de l'\u00fas del lloc web.<br><br>Les informacions de que podem utilitzar cookies en el seu equip a la condici\u00f3 de que l'usuari hagi donat el seu consentiment, salve en els sup\u00f2sits en les que les cookies sean necessaris per a la navegaci\u00f3 al nostre lloc web. En cas que preste el seu consentiment, podrem utilitzar cookies que ens permetran tenir m\u00e9s informaci\u00f3 sobre les seves prefer\u00e8ncies i personalitzar el nostre lloc web de conformitat amb els seus interessos individuals.<br><br><b>\u00bfQU\u00c9 SON LAS COOKIES?<\/b><br><br>Les cookies i altres tecnologies semblants a contes com a objectes locals compartits, galetes flash o p\u00edxels, s\u00f3n eines empleades per als servidors Web per emmagatzemar i recuperar informaci\u00f3 sobre els seus visitants, aix\u00ed com per oferir un correcte funcionament del lloc. <br><br><b>TIPOS DE COOKIES<\/b><br><br>Tipus de cookies en funci\u00f3 de l'entitat de gesti\u00f3:<br><br>Cookies pr\u00f2pies: son aquelles que s'envien a l'equip terminal de l'usuari des d'un equip o domini gestionat pel titular de la p\u00e0gina web i des de la que es presta el servei sol\u00b7licitat per l'usuari.<br><br>Cookies de tercers: son aquellas que s'envien a l'equip terminal de l'usuari des d'un equip o domini que no s'ha gestionat pel titular de la p\u00e0gina web des de la que es presta el servei sol\u00b7licitat per l'usuari, sin\u00f3 per una altra entitat que tracta les dades. obtinguts a trav\u00e9s de les galetes. Asimisme, en el cas de les cookies sean instal\u00b7lades des d'un equip o domini gestionat pel propi titular del lloc web per\u00f2 la informaci\u00f3 que es reconeix mitjan\u00e7ant aquestes galetes gestionades per un tercer, tamb\u00e9 seran considerades com a cookies de tercers.<br><br><b>Tipus de galetes segons la finalitat:<\/b><br> Cookies t\u00e8cniques: son aquelles que permeten a l'usuari la navegaci\u00f3 a trav\u00e9s d'una p\u00e0gina web, plataforma o aplicaci\u00f3 i la utilitzaci\u00f3 de les diferents opcions o serveis que en ella existeixen, incloent aquelles que l'editor utilitza per permetre la gesti\u00f3 i l'operativa de la p\u00e0gina web i habilitar les seves funcions i serveis, com, per exemple, controlar el tr\u00e0nsit i la comunicaci\u00f3 de dades, identificar la sessi\u00f3, accedir a les parts d'acc\u00e9s restringit, recordar els elements que integren un comandament, realitzar el proc\u00e9s de compra d'un comandament, gestionar el pagament, controlar el frau vinculat a la seguretat del servei, realitzar la sol\u00b7licitud d'inscripci\u00f3 o participaci\u00f3 en un esdeveniment, comptar amb visites a efectes de la facturaci\u00f3 de llic\u00e8ncies del programari amb el que funciona el servei (sitio web, plataforma o aplicaci\u00f3) , utilitzar elements de seguretat durant la navegaci\u00f3, emmagatzemar continguts per a la difusi\u00f3 de v\u00eddeos o so, habilitar continguts din\u00e0mics (per exemple, animaci\u00f3 de c\u00e0rrega d'un text o imatge) o compartir continguts a trav\u00e9s de xarxes socials.<br><br>Tamb\u00e9 pertanyen a aquesta categoria, per la seva naturalesa t\u00e8cnica, aquelles galetes que permeten la gesti\u00f3, de la forma m\u00e9s efica\u00e7 possible, dels espais publicitaris que, com un element m\u00e9s de disseny o \u201cmaquetaci\u00f3\u201d del servei ofert a l'usuari, l'editor hagi estat incl\u00f2s en una p\u00e0gina web, aplicaci\u00f3 o plataforma en base a criteris com el contingut editat, sense que es recopilin la informaci\u00f3 dels usuaris amb fines diferents, com pot personalitzar aquest contingut publicitari o altres continguts.<br><br>Cookies de preferencias o personalitzaci\u00f3: s\u00f3n aquelles que permeten recordar informaci\u00f3 per a l'usuari acceda al servei amb determinades caracter\u00edstiques que poden diferenciar la seva experi\u00e8ncia de la d'altres usuaris, com, per exemple, l'idioma, el nombre de resultats a mostrar quan l'usuari realitza una recerca, l'aspecte o contingut del servei en funci\u00f3 del tipus de navegador a trav\u00e9s del qual l'usuari accedeix al servei o de la regi\u00f3 des del que accedeix al servei, etc.<br><br>Cookies d'an\u00e0lisi o medici\u00f3: s\u00f3n aquelles que permeten al responsable de les mateixes el seguiment i l'an\u00e0lisi del comportament dels usuaris dels llocs web als quals estan vinculats, inclosa la quantificaci\u00f3 dels impactes dels anuncis. La informaci\u00f3 recogida mitjan\u00e7ant aquest tipus de cookies s'utilitza en la medici\u00f3 de l'activitat dels llocs web, aplicaci\u00f3 o plataforma, amb el fin d'introduir millores en funci\u00f3 de l'an\u00e0lisi de les dades de l'\u00fas que fan els usuaris del servei.<br> Cookies de publicitat comportamental: son aquelles que permeten la gesti\u00f3, de la forma m\u00e9s efica\u00e7 possible, dels espais publicitaris que hi ha a la p\u00e0gina web. Aquestes cookies emmagatzemen informaci\u00f3 del comportament dels usuaris obtinguts a trav\u00e9s de l'observaci\u00f3 continuada dels seus h\u00e0bits de navegaci\u00f3, el que permet desenvolupar un perfil espec\u00edfic per mostrar publicitat en funci\u00f3 del mateix.<br> Cookies de geolocalitzaci\u00f3: s'utilitzen per saber en quin lloc es troba un usuari quan sol\u00b7liciti un servei. Aquesta cookie \u00e9s an\u00f2nima i es fa servir per exemple per oferir-li la informaci\u00f3 adequada depenent del pa\u00eds en el que es troba.<br><br>Tipus de cookies segons el termini de temps que romanen activades: <\/b><br> Cookies de sessi\u00f3: s\u00f3n aquelles dissenyades per a recabar i emmagatzemar dades mentre l'usuari accedeix a una p\u00e0gina web. Se suelen emplear per emmagatzemar informaci\u00f3 que nom\u00e9s interessa conservar per a la prestaci\u00f3 del servei sol\u00b7licitat per l'usuari en una sola ocasi\u00f3 (per exemple, una llista de productes adquirits) i desapareixeran al finalitzar la sessi\u00f3.<br><br>Cookies persistents: son aquellas en les que els dades segueixen emmagatzemades al terminal i poden ser accedits i tractats durant un per\u00edode definit pel responsable de la cookie, i que pot anar d'uns minuts a diversos anys. <br><br><table><tr><td>Denominaci\u00f3n<\/td><td>Titular<\/td><td>Duraci\u00f3n<\/td><td>Finalidad<\/td><\/tr><tr><td>1P_JAR<\/td><td>Google Ads<\/td><td>Persistente<\/td><td>Finalidad Publicitaria<\/td><\/tr><tr><td>s_vi<\/td><td>Adobe analytics<\/td><td>1 d\u00eda<\/td><td>Marca de fecha y hora del identificador de visitante \u00fanico<\/td><\/tr><tr><td>PHPSESSID<\/td><td>Cookie t\u00e9cnica<\/td><td>Sesi\u00f3n<\/td><td>Cont\u00e9 l'identificador de la sessi\u00f3. Se elimina quan es cerra el navegador<\/td><\/tr><\/table><\/p>\t\t<\/div>\n\t\t\t\t<\/div>\n\t\t\t\t<div class=\"elementor-element elementor-element-72327c8 elementor-widget elementor-widget-heading\" data-id=\"72327c8\" data-element_type=\"widget\" data-widget_type=\"heading.default\">\n\t\t\t\t<div class=\"elementor-widget-container\">\n\t\t\t<p class=\"elementor-heading-title elementor-size-default\"><b>\u00bfC\u00d3MO SE DESHABILITAN LAS COOKIES EN LOS NAVEGADORES?<\/b><br><br>L'usuari pot, en qualsevol moment, permetre, bloquejar o eliminar les galetes instal\u00b7lades al seu equip mitjan\u00e7ant la modificaci\u00f3 dels par\u00e0metres de configuraci\u00f3 del navegador instal\u00b7lat a l'ordinador:<br><br>Chrome Configuraci\u00f3n -&gt; Mostrar opciones avanzadas -&gt; Privacidad -&gt; Configuraci\u00f3n del contenido. Per a m\u00e9s informaci\u00f3, podeu consultar el suport de Google o l'ajuda del navegador.<br><br>Edge Herramientas -&gt; Opciones de Internet -&gt; Privacidad -&gt; Configuraci\u00f3n. Per a m\u00e9s informaci\u00f3, podeu consultar el suport de Microsoft o l'ajuda del navegador.<br><br>Firefox: Herramientas -&gt;Opciones -&gt; Privacidad -&gt; Historial -&gt; Configuraci\u00f3n Personalizada. Per a m\u00e9s informaci\u00f3, podeu consultar el suport de Mozilla o l'ajuda del navegador.<br><br>Safari Preferencias -&gt; Seguridad. Per a m\u00e9s informaci\u00f3, podeu consultar el suport d'Apple o l'ajuda del navegador <br><br>La desactivaci\u00f3 de les cookies no impedeix la navegaci\u00f3 pel lloc web, encara que l'\u00fas d'alguns dels seus serveis podr\u00e0 ser limitat i, per tant, la seva experi\u00e8ncia de navegaci\u00f3 ser\u00e0 menys satisfact\u00f2ria.<br><br><b>RETIRAR EL CONSENTIMIENTO<\/b><br><br>L'usuari podr\u00e0 retirar en qualsevol moment el seu consentiment relacionat amb la Pol\u00edtica de Cookies, i podr\u00e0 eliminar les galetes emmagatzemades al seu equip a trav\u00e9s dels ajustos i configuracions del seu navegador d'Internet, indicats anteriorment.<br><br>La present Pol\u00edtica de Cookies es podr\u00e0 modificar quan aix\u00ed s'executi la legislaci\u00f3 vigent en cada moment o quan hi hagu\u00e9s alguna variaci\u00f3 en el tipus de cookies utilitzades al lloc web. Per ello, us recomanem revisar aquesta pol\u00edtica cada vegada que accediu al nostre lloc web amb l'objectiu d'estar adequadament informat sobre com i per qu\u00e8 utilitzem les cookies.<\/p>\t\t<\/div>\n\t\t\t\t<\/div>\n\t\t\t\t\t<\/div>\n\t\t<\/div>\n\t\t\t\t\t<\/div>\n\t\t<\/section>\n\t\t\t\t<\/div>\n\t\t","protected":false},"excerpt":{"rendered":"<p>Pol\u00edtica de cookies Aquesta pol\u00edtica de cookies t\u00e9 per finalitat informar de manera clara i precisa sobre les cookies que s&#8217;utilitzen a la nostra web. Utilitzem cookies pr\u00f2pies i de tercers per millorar els nostres serveis, personalitzar el nostre lloc web, facilitar la navegaci\u00f3 dels nostres usuaris, proporcionar-li una millor experi\u00e8ncia a l&#8217;\u00fas del lloc [&hellip;]<\/p>\n","protected":false},"author":7,"featured_media":0,"parent":0,"menu_order":0,"comment_status":"closed","ping_status":"closed","template":"","meta":{"footnotes":""},"class_list":["post-1908","page","type-page","status-publish","hentry"],"yoast_head":"<!-- This site is optimized with the Yoast SEO plugin v27.0 - https:\/\/yoast.com\/product\/yoast-seo-wordpress\/ -->\n<title>Pol\u00edtica de cookies - El Glop Barcelona<\/title>\n<meta name=\"description\" content=\"Pol\u00edtica de cookies Aquesta pol\u00edtica de cookies t\u00e9 per finalitat informar de manera clara i precisa sobre les cookies que s&#039;utilitzen a la nostra\" \/>\n<meta name=\"robots\" content=\"noindex, nofollow\" \/>\n<meta property=\"og:locale\" content=\"ca_ES\" \/>\n<meta property=\"og:type\" content=\"article\" \/>\n<meta property=\"og:title\" content=\"Pol\u00edtica de cookies - El Glop Barcelona\" \/>\n<meta property=\"og:description\" content=\"Pol\u00edtica de cookies Aquesta pol\u00edtica de cookies t\u00e9 per finalitat informar de manera clara i precisa sobre les cookies que s&#039;utilitzen a la nostra\" \/>\n<meta property=\"og:url\" content=\"https:\/\/elglop.com\/ca\/politica-de-cookies\/\" \/>\n<meta property=\"og:site_name\" content=\"El Glop Barcelona\" \/>\n<meta property=\"article:modified_time\" content=\"2026-02-26T10:05:03+00:00\" \/>\n<meta name=\"twitter:card\" content=\"summary_large_image\" \/>\n<meta name=\"twitter:label1\" content=\"Temps estimat de lectura\" \/>\n\t<meta name=\"twitter:data1\" content=\"6 minuts\" \/>\n<script type=\"application\/ld+json\" class=\"yoast-schema-graph\">{\"@context\":\"https:\/\/schema.org\",\"@graph\":[{\"@type\":\"WebPage\",\"@id\":\"https:\/\/elglop.com\/ca\/politica-de-cookies\/\",\"url\":\"https:\/\/elglop.com\/ca\/politica-de-cookies\/\",\"name\":\"Pol\u00edtica de cookies - El Glop Barcelona\",\"isPartOf\":{\"@id\":\"https:\/\/elglop.com\/#website\"},\"datePublished\":\"2023-03-06T10:06:32+00:00\",\"dateModified\":\"2026-02-26T10:05:03+00:00\",\"description\":\"Pol\u00edtica de cookies Aquesta pol\u00edtica de cookies t\u00e9 per finalitat informar de manera clara i precisa sobre les cookies que s'utilitzen a la nostra\",\"breadcrumb\":{\"@id\":\"https:\/\/elglop.com\/ca\/politica-de-cookies\/#breadcrumb\"},\"inLanguage\":\"ca\",\"potentialAction\":[{\"@type\":\"ReadAction\",\"target\":[\"https:\/\/elglop.com\/ca\/politica-de-cookies\/\"]}]},{\"@type\":\"BreadcrumbList\",\"@id\":\"https:\/\/elglop.com\/ca\/politica-de-cookies\/#breadcrumb\",\"itemListElement\":[{\"@type\":\"ListItem\",\"position\":1,\"name\":\"Portada\",\"item\":\"https:\/\/elglop.com\/ca\/\"},{\"@type\":\"ListItem\",\"position\":2,\"name\":\"Pol\u00edtica de cookies\"}]},{\"@type\":\"WebSite\",\"@id\":\"https:\/\/elglop.com\/#website\",\"url\":\"https:\/\/elglop.com\/\",\"name\":\"El Glop Barcelona\",\"description\":\"Restaurante en Barcelona. Cocina catalana y mediterranea\",\"publisher\":{\"@id\":\"https:\/\/elglop.com\/#organization\"},\"potentialAction\":[{\"@type\":\"SearchAction\",\"target\":{\"@type\":\"EntryPoint\",\"urlTemplate\":\"https:\/\/elglop.com\/?s={search_term_string}\"},\"query-input\":{\"@type\":\"PropertyValueSpecification\",\"valueRequired\":true,\"valueName\":\"search_term_string\"}}],\"inLanguage\":\"ca\"},{\"@type\":\"Organization\",\"@id\":\"https:\/\/elglop.com\/#organization\",\"name\":\"El Glop Barcelona\",\"url\":\"https:\/\/elglop.com\/\",\"logo\":{\"@type\":\"ImageObject\",\"inLanguage\":\"ca\",\"@id\":\"https:\/\/elglop.com\/#\/schema\/logo\/image\/\",\"url\":\"https:\/\/elglop.com\/wp-content\/uploads\/2022\/12\/EL-GLOP_PARA-FONDO-CLARO.png\",\"contentUrl\":\"https:\/\/elglop.com\/wp-content\/uploads\/2022\/12\/EL-GLOP_PARA-FONDO-CLARO.png\",\"width\":2647,\"height\":1899,\"caption\":\"El Glop Barcelona\"},\"image\":{\"@id\":\"https:\/\/elglop.com\/#\/schema\/logo\/image\/\"}}]}<\/script>\n<!-- \/ Yoast SEO plugin. -->","yoast_head_json":{"title":"Pol\u00edtica de cookies - El Glop Barcelona","description":"Pol\u00edtica de cookies Aquesta pol\u00edtica de cookies t\u00e9 per finalitat informar de manera clara i precisa sobre les cookies que s'utilitzen a la nostra","robots":{"index":"noindex","follow":"nofollow"},"og_locale":"ca_ES","og_type":"article","og_title":"Pol\u00edtica de cookies - El Glop Barcelona","og_description":"Pol\u00edtica de cookies Aquesta pol\u00edtica de cookies t\u00e9 per finalitat informar de manera clara i precisa sobre les cookies que s'utilitzen a la nostra","og_url":"https:\/\/elglop.com\/ca\/politica-de-cookies\/","og_site_name":"El Glop Barcelona","article_modified_time":"2026-02-26T10:05:03+00:00","twitter_card":"summary_large_image","twitter_misc":{"Temps estimat de lectura":"6 minuts"},"schema":{"@context":"https:\/\/schema.org","@graph":[{"@type":"WebPage","@id":"https:\/\/elglop.com\/ca\/politica-de-cookies\/","url":"https:\/\/elglop.com\/ca\/politica-de-cookies\/","name":"Pol\u00edtica de cookies - El Glop Barcelona","isPartOf":{"@id":"https:\/\/elglop.com\/#website"},"datePublished":"2023-03-06T10:06:32+00:00","dateModified":"2026-02-26T10:05:03+00:00","description":"Pol\u00edtica de cookies Aquesta pol\u00edtica de cookies t\u00e9 per finalitat informar de manera clara i precisa sobre les cookies que s'utilitzen a la nostra","breadcrumb":{"@id":"https:\/\/elglop.com\/ca\/politica-de-cookies\/#breadcrumb"},"inLanguage":"ca","potentialAction":[{"@type":"ReadAction","target":["https:\/\/elglop.com\/ca\/politica-de-cookies\/"]}]},{"@type":"BreadcrumbList","@id":"https:\/\/elglop.com\/ca\/politica-de-cookies\/#breadcrumb","itemListElement":[{"@type":"ListItem","position":1,"name":"Portada","item":"https:\/\/elglop.com\/ca\/"},{"@type":"ListItem","position":2,"name":"Pol\u00edtica de cookies"}]},{"@type":"WebSite","@id":"https:\/\/elglop.com\/#website","url":"https:\/\/elglop.com\/","name":"El Glop Barcelona","description":"Restaurante en Barcelona. Cocina catalana y mediterranea","publisher":{"@id":"https:\/\/elglop.com\/#organization"},"potentialAction":[{"@type":"SearchAction","target":{"@type":"EntryPoint","urlTemplate":"https:\/\/elglop.com\/?s={search_term_string}"},"query-input":{"@type":"PropertyValueSpecification","valueRequired":true,"valueName":"search_term_string"}}],"inLanguage":"ca"},{"@type":"Organization","@id":"https:\/\/elglop.com\/#organization","name":"El Glop Barcelona","url":"https:\/\/elglop.com\/","logo":{"@type":"ImageObject","inLanguage":"ca","@id":"https:\/\/elglop.com\/#\/schema\/logo\/image\/","url":"https:\/\/elglop.com\/wp-content\/uploads\/2022\/12\/EL-GLOP_PARA-FONDO-CLARO.png","contentUrl":"https:\/\/elglop.com\/wp-content\/uploads\/2022\/12\/EL-GLOP_PARA-FONDO-CLARO.png","width":2647,"height":1899,"caption":"El Glop Barcelona"},"image":{"@id":"https:\/\/elglop.com\/#\/schema\/logo\/image\/"}}]}},"_links":{"self":[{"href":"https:\/\/elglop.com\/ca\/wp-json\/wp\/v2\/pages\/1908","targetHints":{"allow":["GET"]}}],"collection":[{"href":"https:\/\/elglop.com\/ca\/wp-json\/wp\/v2\/pages"}],"about":[{"href":"https:\/\/elglop.com\/ca\/wp-json\/wp\/v2\/types\/page"}],"author":[{"embeddable":true,"href":"https:\/\/elglop.com\/ca\/wp-json\/wp\/v2\/users\/7"}],"replies":[{"embeddable":true,"href":"https:\/\/elglop.com\/ca\/wp-json\/wp\/v2\/comments?post=1908"}],"version-history":[{"count":10,"href":"https:\/\/elglop.com\/ca\/wp-json\/wp\/v2\/pages\/1908\/revisions"}],"predecessor-version":[{"id":4196,"href":"https:\/\/elglop.com\/ca\/wp-json\/wp\/v2\/pages\/1908\/revisions\/4196"}],"wp:attachment":[{"href":"https:\/\/elglop.com\/ca\/wp-json\/wp\/v2\/media?parent=1908"}],"curies":[{"name":"wp","href":"https:\/\/api.w.org\/{rel}","templated":true}]}}