{"id":1906,"date":"2023-03-06T10:52:13","date_gmt":"2023-03-06T09:52:13","guid":{"rendered":"https:\/\/elglop.com\/politica-de-privacitat\/"},"modified":"2026-02-26T11:05:14","modified_gmt":"2026-02-26T10:05:14","slug":"politica-de-privacidad","status":"publish","type":"page","link":"https:\/\/elglop.com\/ca\/politica-de-privacidad\/","title":{"rendered":"Pol\u00edtica de Privacidad"},"content":{"rendered":"\t\t<div data-elementor-type=\"wp-page\" data-elementor-id=\"1906\" class=\"elementor elementor-1906 elementor-1000\" data-elementor-post-type=\"page\">\n\t\t\t\t\t\t<section class=\"elementor-section elementor-top-section elementor-element elementor-element-c76715f elementor-section-boxed elementor-section-height-default elementor-section-height-default\" data-id=\"c76715f\" data-element_type=\"section\" data-settings=\"{&quot;background_background&quot;:&quot;classic&quot;}\">\n\t\t\t\t\t\t<div class=\"elementor-container elementor-column-gap-default\">\n\t\t\t\t\t<div class=\"elementor-column elementor-col-100 elementor-top-column elementor-element elementor-element-a5e87da\" data-id=\"a5e87da\" data-element_type=\"column\">\n\t\t\t<div class=\"elementor-widget-wrap elementor-element-populated\">\n\t\t\t\t\t\t<div class=\"elementor-element elementor-element-45faca4 elementor-headline--style-highlight elementor-widget elementor-widget-animated-headline\" data-id=\"45faca4\" data-element_type=\"widget\" data-settings=\"{&quot;highlighted_text&quot;:&quot;Pol\\u00edtica de Privacitat&quot;,&quot;headline_style&quot;:&quot;highlight&quot;,&quot;marker&quot;:&quot;circle&quot;,&quot;loop&quot;:&quot;yes&quot;,&quot;highlight_animation_duration&quot;:1200,&quot;highlight_iteration_delay&quot;:8000}\" data-widget_type=\"animated-headline.default\">\n\t\t\t\t<div class=\"elementor-widget-container\">\n\t\t\t<link rel=\"stylesheet\" href=\"https:\/\/elglop.com\/wp-content\/plugins\/pro-elements\/assets\/css\/widget-animated-headline.min.css?ver=1723072222\">\t\t<h3 class=\"elementor-headline\">\n\t\t\t\t<span class=\"elementor-headline-dynamic-wrapper elementor-headline-text-wrapper\">\n\t\t\t\t\t<span class=\"elementor-headline-dynamic-text elementor-headline-text-active\">Pol\u00edtica de Privacitat<\/span>\n\t\t\t\t<\/span>\n\t\t\t\t<\/h3>\n\t\t\t\t<\/div>\n\t\t\t\t<\/div>\n\t\t\t\t<div class=\"elementor-element elementor-element-5384ef6 elementor-widget-divider--view-line_icon elementor-view-default elementor-widget-divider--element-align-center elementor-widget elementor-widget-divider\" data-id=\"5384ef6\" data-element_type=\"widget\" data-widget_type=\"divider.default\">\n\t\t\t\t<div class=\"elementor-widget-container\">\n\t\t\t<style>\/*! elementor - v3.23.0 - 05-08-2024 *\/\n.elementor-widget-divider{--divider-border-style:none;--divider-border-width:1px;--divider-color:#0c0d0e;--divider-icon-size:20px;--divider-element-spacing:10px;--divider-pattern-height:24px;--divider-pattern-size:20px;--divider-pattern-url:none;--divider-pattern-repeat:repeat-x}.elementor-widget-divider .elementor-divider{display:flex}.elementor-widget-divider .elementor-divider__text{font-size:15px;line-height:1;max-width:95%}.elementor-widget-divider .elementor-divider__element{margin:0 var(--divider-element-spacing);flex-shrink:0}.elementor-widget-divider .elementor-icon{font-size:var(--divider-icon-size)}.elementor-widget-divider .elementor-divider-separator{display:flex;margin:0;direction:ltr}.elementor-widget-divider--view-line_icon .elementor-divider-separator,.elementor-widget-divider--view-line_text .elementor-divider-separator{align-items:center}.elementor-widget-divider--view-line_icon .elementor-divider-separator:after,.elementor-widget-divider--view-line_icon .elementor-divider-separator:before,.elementor-widget-divider--view-line_text .elementor-divider-separator:after,.elementor-widget-divider--view-line_text .elementor-divider-separator:before{display:block;content:\"\";border-block-end:0;flex-grow:1;border-block-start:var(--divider-border-width) var(--divider-border-style) var(--divider-color)}.elementor-widget-divider--element-align-left .elementor-divider .elementor-divider-separator>.elementor-divider__svg:first-of-type{flex-grow:0;flex-shrink:100}.elementor-widget-divider--element-align-left .elementor-divider-separator:before{content:none}.elementor-widget-divider--element-align-left .elementor-divider__element{margin-left:0}.elementor-widget-divider--element-align-right .elementor-divider .elementor-divider-separator>.elementor-divider__svg:last-of-type{flex-grow:0;flex-shrink:100}.elementor-widget-divider--element-align-right .elementor-divider-separator:after{content:none}.elementor-widget-divider--element-align-right .elementor-divider__element{margin-right:0}.elementor-widget-divider--element-align-start .elementor-divider .elementor-divider-separator>.elementor-divider__svg:first-of-type{flex-grow:0;flex-shrink:100}.elementor-widget-divider--element-align-start .elementor-divider-separator:before{content:none}.elementor-widget-divider--element-align-start .elementor-divider__element{margin-inline-start:0}.elementor-widget-divider--element-align-end .elementor-divider .elementor-divider-separator>.elementor-divider__svg:last-of-type{flex-grow:0;flex-shrink:100}.elementor-widget-divider--element-align-end .elementor-divider-separator:after{content:none}.elementor-widget-divider--element-align-end .elementor-divider__element{margin-inline-end:0}.elementor-widget-divider:not(.elementor-widget-divider--view-line_text):not(.elementor-widget-divider--view-line_icon) .elementor-divider-separator{border-block-start:var(--divider-border-width) var(--divider-border-style) var(--divider-color)}.elementor-widget-divider--separator-type-pattern{--divider-border-style:none}.elementor-widget-divider--separator-type-pattern.elementor-widget-divider--view-line .elementor-divider-separator,.elementor-widget-divider--separator-type-pattern:not(.elementor-widget-divider--view-line) .elementor-divider-separator:after,.elementor-widget-divider--separator-type-pattern:not(.elementor-widget-divider--view-line) .elementor-divider-separator:before,.elementor-widget-divider--separator-type-pattern:not([class*=elementor-widget-divider--view]) .elementor-divider-separator{width:100%;min-height:var(--divider-pattern-height);-webkit-mask-size:var(--divider-pattern-size) 100%;mask-size:var(--divider-pattern-size) 100%;-webkit-mask-repeat:var(--divider-pattern-repeat);mask-repeat:var(--divider-pattern-repeat);background-color:var(--divider-color);-webkit-mask-image:var(--divider-pattern-url);mask-image:var(--divider-pattern-url)}.elementor-widget-divider--no-spacing{--divider-pattern-size:auto}.elementor-widget-divider--bg-round{--divider-pattern-repeat:round}.rtl .elementor-widget-divider .elementor-divider__text{direction:rtl}.e-con-inner>.elementor-widget-divider,.e-con>.elementor-widget-divider{width:var(--container-widget-width,100%);--flex-grow:var(--container-widget-flex-grow)}<\/style>\t\t<div class=\"elementor-divider\">\n\t\t\t<span class=\"elementor-divider-separator\">\n\t\t\t\t\t\t\t<div class=\"elementor-icon elementor-divider__element\">\n\t\t\t\t\t<i aria-hidden=\"true\" class=\"fab fa-jira\"><\/i><\/div>\n\t\t\t\t\t\t<\/span>\n\t\t<\/div>\n\t\t\t\t<\/div>\n\t\t\t\t<\/div>\n\t\t\t\t\t<\/div>\n\t\t<\/div>\n\t\t\t\t\t<\/div>\n\t\t<\/section>\n\t\t\t\t<section class=\"elementor-section elementor-top-section elementor-element elementor-element-45d1ce8 elementor-section-boxed elementor-section-height-default elementor-section-height-default\" data-id=\"45d1ce8\" data-element_type=\"section\" data-settings=\"{&quot;background_background&quot;:&quot;classic&quot;}\">\n\t\t\t\t\t\t<div class=\"elementor-container elementor-column-gap-default\">\n\t\t\t\t\t<div class=\"elementor-column elementor-col-100 elementor-top-column elementor-element elementor-element-c29125a\" data-id=\"c29125a\" data-element_type=\"column\">\n\t\t\t<div class=\"elementor-widget-wrap elementor-element-populated\">\n\t\t\t\t\t\t<div class=\"elementor-element elementor-element-2d97215 elementor-widget elementor-widget-heading\" data-id=\"2d97215\" data-element_type=\"widget\" data-widget_type=\"heading.default\">\n\t\t\t\t<div class=\"elementor-widget-container\">\n\t\t\t<style>\/*! elementor - v3.23.0 - 05-08-2024 *\/\n.elementor-heading-title{padding:0;margin:0;line-height:1}.elementor-widget-heading .elementor-heading-title[class*=elementor-size-]>a{color:inherit;font-size:inherit;line-height:inherit}.elementor-widget-heading .elementor-heading-title.elementor-size-small{font-size:15px}.elementor-widget-heading .elementor-heading-title.elementor-size-medium{font-size:19px}.elementor-widget-heading .elementor-heading-title.elementor-size-large{font-size:29px}.elementor-widget-heading .elementor-heading-title.elementor-size-xl{font-size:39px}.elementor-widget-heading .elementor-heading-title.elementor-size-xxl{font-size:59px}<\/style><p class=\"elementor-heading-title elementor-size-default\"><b>Responsable del Tratamiento<\/b><br><br>L'empresa responsable del tractament de les seves dades en virtut d'aquesta Pol\u00edtica de privadesa \u00e9s:<br>JORAFI S.L.<br>NIF: B60143617<br>Domicili: C\/ Sant Llu\u00eds, 24 08012 BARCELONA<br>Direcci\u00f3 de correu electr\u00f2nic: info@grupelglop.com<br>Lloc web: elglop.com\/<br>Tel\u00e8fon: 932 848 379<br>Inscrita en el Registro Mercantil de Barcelona, Tomo 24259, Folio 13, Hoja B 66971, Inscp. 1a<br><br>En JORAFI S.L., reconeix la import\u00e0ncia de protegir la seva informaci\u00f3 personal i estem compromesos a tractar amb responsabilitat i conformitat amb les lleis de protecci\u00f3 de dades.<br><br>La present pol\u00edtica de privacitat pret\u00e9n regular tots els aspectes relatius al tractament de dades dels diferents usuaris que naveguen o faciliten les seves dades personals a trav\u00e9s dels diferents formularis situats a la web.<br><br><b>Dades Personals<\/b><br><br>Una dada personal \u00e9s la informaci\u00f3 que li identifica o que fa identificable. A trav\u00e9s de la web, a les cases establertes a l'efecte, reconeix les dades personals que l'usuari ens comunica: nom, apellidos, correu electr\u00f2nic, tel\u00e8fon, adre\u00e7a postal, poblaci\u00f3, etc., aix\u00ed com totes aquelles dades que volunt\u00e0riament ens proporcionen a trav\u00e9s de qualsevol de les xarxes socials de les quals l'usuari est\u00e0 registrat. En aquest cas, la privacitat dependr\u00e0 de la pr\u00f2pia configuraci\u00f3 establerta per l'usuari aix\u00ed com dels termes i condicions de la pr\u00f2pia red social.<br><br>La visita de l'usuari a la web no implica que tingui que facilitar cap informaci\u00f3 sobre les seves dades personals. No obstant aix\u00f2, en cas de facilitar-los, les dades seran tractats de forma l\u00edcita amb sujeci\u00f3 en tot moment als principis i drets reconeguts en el RGPD 2016\/679 de 27 d'abril de 2016 i la LOPDGDD 3\/2018 del 5 de desembre.<br><br><b>Finalitat, durada i legitimaci\u00f3 del tractament:<\/b><br><br>Les dades de l'usuari ens proporcionen els tractarem amb les seg\u00fcents finalitats: Millorar la seva experi\u00e8ncia al navegar per la web. Aquestes dades es conserven mentre l'usuari no revoqui el seu consentiment per al tractament dels mateixos eliminant les galetes i durant el temps establert per la llei amb una durada m\u00ednima de 3 anys.<br><br>La base de legitimaci\u00f3 per millorar la seva experi\u00e8ncia al navegar per la web \u00e9s el consentiment que otorga l'usuari a acceptar les cookies. L'usuari t\u00e9 dret a revocar el seu consentiment en qualsevol moment sense que afecti a la sol\u00b7licitud del tractament basat en el consentiment previ a la seva retirada.<br><br>Gestionar les nostres xarxes socials i enviar informaci\u00f3 sobre les nostres activitats i productes. Aquestes dades les conservarem mentre l'usuari no revoca el seu consentiment al tractament dels mateixos i durant el temps establert per la llei amb una durada m\u00ednima de 3 anys.<br><br>La base leg\u00edtima per gestionar les nostres xarxes socials i enviar les nostres activitats i novetats \u00e9s el consentiment que ens otorga per a ell. L'usuari t\u00e9 dret a revocar el seu consentiment en qualsevol moment sense que afecti a la sol\u00b7licitud del tractament basat en el consentiment previ a la seva retirada.<br><br><b>Cessi\u00f3 o comunicaci\u00f3 de dades personals<\/b><br><br>Les seves dades no es comunicaran ni seran cedits a tercers, salvo que hi ha alguna obligaci\u00f3 legal o a aquelles empreses del grup per a fines administratius i de gesti\u00f3 interna que actuaran com a Encarregats del tractament.<br><br><b>Transferencias internacionales<\/b><br><br> En JORAFI S.L. tractem les seves dades dins de l'Espai Econ\u00f2mic Europeu i, amb car\u00e0cter general, contractem prestadors de serveis situats tamb\u00e9 dins de l'Espai Econ\u00f2mic Europeu o en pa\u00efsos que han estat declarats amb un nivell adequat de protecci\u00f3.<br><br>Necessitem utilitzar prove\u00efdors de serveis que realitzen tractaments fora de l'Espai Econ\u00f2mic Europeu o en pa\u00efsos que no han estat declarats amb un nivell adequat de protecci\u00f3, ens assegurem de garantir la seguretat i la legitimitat del tractament de les seves dades mitjan\u00e7ant decisions d'adequaci\u00f3, cl\u00e0usules tipus, normes. corporativas vinculantes, excepcions o qualsevol altre instrument aprovat per l'autoritat de control que ofereix les garanties adequades per a la realitzaci\u00f3 de la transfer\u00e8ncia internacional de dades.<br><br>A m\u00e9s, JORAFI S.L. tamb\u00e9 fa servir l'aplicatiu WhatsApp per dur a terme les seves comunicacions. Si b\u00e9 els servidors de l'aplicaci\u00f3 Whatsapp per als usuaris de la UE es troben a Irlanda, poden donar-se comunicacions amb els servidors d'EUA per raons t\u00e8cniques que implicaria una transfer\u00e8ncia internacional de dades. Per tant, el Responsable sol\u00b7licita pr\u00e8viament el consentiment expl\u00edcit dels usuaris per poder enviar comunicacions per aquest mitj\u00e0, el qual podr\u00e0 ser revocat en qualsevol moment.<br><br><b>Actualizaci\u00f3n de datos<\/b><br><br>\u00c9s important que per a poder mantenir els dades personals actualitzats, l'usuari ens informe sempre que hagi habido alguna modificaci\u00f3 en ells, en cas contrari, no responem de la veracitat dels mateixos.<br><br>L'usuari garanteix que els dades personals facilitades s\u00f3n veraces garantint que tota la informaci\u00f3 facilitada correspon a la situaci\u00f3 real, que est\u00e0 posada al dia i \u00e9s exacta, quedant obligat a comunicar qualsevol modificaci\u00f3.<br><br><b>Dades de Terceros<\/b><br><br>Si l'usuari facilita dades de terceres persones per a qualsevol finalitat a JORAFI S.L., garanteix que ha obtingut aquestes dades de forma l\u00edcita, que ha informat pr\u00e8viament als afectats, obtenint el seu consentiment per comunicar-los i que la informaci\u00f3 facilitada \u00e9s exacta i vera\u00e7.<br><br><b>Drets dels interessats:<\/b><br><br>Teniu dret a accedir a les seves dades i obtenir la confirmaci\u00f3 del seu tractament, aix\u00ed com una c\u00f2pia de les dades personals de l'objecte del tractament. Teniu dret a actualitzar i sol\u00b7licitar la rectificaci\u00f3 de les dades que sean inexactes o sol\u00b7licitin la supressi\u00f3 quan les dades no siguin necessaris per a les multes per als que van ser recabats. Pot sol\u00b7licitar la limitaci\u00f3 en el tractament de les seves dades i oposar-se al tractament dels mateixos revocant el seu consentiment, aix\u00ed com exercir el dret a la portabilitat de les dades. Del mateix modo, t\u00e9 dret a no ser objecte de decisions basades \u00fanicament en el tractament automatitzat de les seves dades personals. Puede ejercer sus derechos contactando con nosotros C. Sant Lluis, 24 - 08012 BARCELONA (Barcelona). E-mail: info@grupelglop.com<br><br>Si considereu els seus drets no s'han at\u00e8s debidament, t\u00e9 dret a presentar una reclamaci\u00f3 davant l'Autoritat de Control a www.aepd.es<br><br><b>Tractament de dades de Menores d'edat<\/b><br><br>Quien faciliti les dades a trav\u00e9s dels formularis d'aquesta web i accepti el seu tractament declara ser major de 14 anys, quedant prohibit l'acc\u00e9s i l'\u00fas del portal a menors de la mateixa edat. Si en algun moment, el Responsable detecta que un menor de 14 anys ha proporcionat dades de car\u00e0cter personal, procedirem a la cancel\u00b7laci\u00f3 dels mateixos. Asimisme, els pares o tutors podran dirigir-se en qualsevol cas a JORAFI S.L. per bloquejar el compte d'acc\u00e9s dels menors a la seva c\u00e0rrega que hauria registrat falsificant la seva identitat.<br><br><b>Tractament de Cookies<\/b><br><br>Una galeta \u00e9s un petit arxiu que es descarrega i emmagatzema a l'ordinador de l'usuari quan accedeixi a una p\u00e0gina web.<br><br>Les Cookies permeten a la web, entre altres coses, emmagatzemar i recuperar informaci\u00f3 sobre els h\u00e0bits de navegaci\u00f3 de l'usuari o del seu equip i, depenent de la informaci\u00f3 que cont\u00e9 i de la forma en qu\u00e8 utilitzi el seu equip, poden utilitzar- es per recon\u00e8ixer l'usuari. .<br><br>Si considereu els seus drets no s'han at\u00e8s debidament, t\u00e9 dret a presentar una reclamaci\u00f3 davant l'Autoritat de Control a www.aepd.es Podeu obtenir m\u00e9s informaci\u00f3 llegint la nostra Pol\u00edtica de Cookies<\/a><\/p>\t\t<\/div>\n\t\t\t\t<\/div>\n\t\t\t\t\t<\/div>\n\t\t<\/div>\n\t\t\t\t\t<\/div>\n\t\t<\/section>\n\t\t\t\t<\/div>\n\t\t","protected":false},"excerpt":{"rendered":"<p>Pol\u00edtica de Privacitat Responsable del Tratamiento L&#8217;empresa responsable del tractament de les seves dades en virtut d&#8217;aquesta Pol\u00edtica de privadesa \u00e9s:JORAFI S.L.NIF: B60143617Domicili: C\/ Sant Llu\u00eds, 24 08012 BARCELONADirecci\u00f3 de correu electr\u00f2nic: info@grupelglop.comLloc web: elglop.com\/Tel\u00e8fon: 932 848 379Inscrita en el Registro Mercantil de Barcelona, Tomo 24259, Folio 13, Hoja B 66971, Inscp. 1a En JORAFI [&hellip;]<\/p>\n","protected":false},"author":7,"featured_media":0,"parent":0,"menu_order":0,"comment_status":"closed","ping_status":"closed","template":"","meta":{"footnotes":""},"class_list":["post-1906","page","type-page","status-publish","hentry"],"yoast_head":"<!-- This site is optimized with the Yoast SEO plugin v27.0 - https:\/\/yoast.com\/product\/yoast-seo-wordpress\/ -->\n<title>Pol\u00edtica de Privacidad - El Glop Barcelona<\/title>\n<meta name=\"description\" content=\"Pol\u00edtica de Privacitat Responsable del TratamientoL&#039;empresa responsable del tractament de les seves dades en virtut d&#039;aquesta Pol\u00edtica de privadesa\" \/>\n<meta name=\"robots\" content=\"noindex, nofollow\" \/>\n<meta property=\"og:locale\" content=\"ca_ES\" \/>\n<meta property=\"og:type\" content=\"article\" \/>\n<meta property=\"og:title\" content=\"Pol\u00edtica de Privacidad - El Glop Barcelona\" \/>\n<meta property=\"og:description\" content=\"Pol\u00edtica de Privacitat Responsable del TratamientoL&#039;empresa responsable del tractament de les seves dades en virtut d&#039;aquesta Pol\u00edtica de privadesa\" \/>\n<meta property=\"og:url\" content=\"https:\/\/elglop.com\/ca\/politica-de-privacidad\/\" \/>\n<meta property=\"og:site_name\" content=\"El Glop Barcelona\" \/>\n<meta property=\"article:modified_time\" content=\"2026-02-26T10:05:14+00:00\" \/>\n<meta name=\"twitter:card\" content=\"summary_large_image\" \/>\n<meta name=\"twitter:label1\" content=\"Temps estimat de lectura\" \/>\n\t<meta name=\"twitter:data1\" content=\"6 minuts\" \/>\n<script type=\"application\/ld+json\" class=\"yoast-schema-graph\">{\"@context\":\"https:\/\/schema.org\",\"@graph\":[{\"@type\":\"WebPage\",\"@id\":\"https:\/\/elglop.com\/ca\/politica-de-privacidad\/\",\"url\":\"https:\/\/elglop.com\/ca\/politica-de-privacidad\/\",\"name\":\"Pol\u00edtica de Privacidad - El Glop Barcelona\",\"isPartOf\":{\"@id\":\"https:\/\/elglop.com\/#website\"},\"datePublished\":\"2023-03-06T09:52:13+00:00\",\"dateModified\":\"2026-02-26T10:05:14+00:00\",\"description\":\"Pol\u00edtica de Privacitat Responsable del TratamientoL'empresa responsable del tractament de les seves dades en virtut d'aquesta Pol\u00edtica de privadesa\",\"breadcrumb\":{\"@id\":\"https:\/\/elglop.com\/ca\/politica-de-privacidad\/#breadcrumb\"},\"inLanguage\":\"ca\",\"potentialAction\":[{\"@type\":\"ReadAction\",\"target\":[\"https:\/\/elglop.com\/ca\/politica-de-privacidad\/\"]}]},{\"@type\":\"BreadcrumbList\",\"@id\":\"https:\/\/elglop.com\/ca\/politica-de-privacidad\/#breadcrumb\",\"itemListElement\":[{\"@type\":\"ListItem\",\"position\":1,\"name\":\"Portada\",\"item\":\"https:\/\/elglop.com\/ca\/\"},{\"@type\":\"ListItem\",\"position\":2,\"name\":\"Pol\u00edtica de Privacidad\"}]},{\"@type\":\"WebSite\",\"@id\":\"https:\/\/elglop.com\/#website\",\"url\":\"https:\/\/elglop.com\/\",\"name\":\"El Glop Barcelona\",\"description\":\"Restaurante en Barcelona. Cocina catalana y mediterranea\",\"publisher\":{\"@id\":\"https:\/\/elglop.com\/#organization\"},\"potentialAction\":[{\"@type\":\"SearchAction\",\"target\":{\"@type\":\"EntryPoint\",\"urlTemplate\":\"https:\/\/elglop.com\/?s={search_term_string}\"},\"query-input\":{\"@type\":\"PropertyValueSpecification\",\"valueRequired\":true,\"valueName\":\"search_term_string\"}}],\"inLanguage\":\"ca\"},{\"@type\":\"Organization\",\"@id\":\"https:\/\/elglop.com\/#organization\",\"name\":\"El Glop Barcelona\",\"url\":\"https:\/\/elglop.com\/\",\"logo\":{\"@type\":\"ImageObject\",\"inLanguage\":\"ca\",\"@id\":\"https:\/\/elglop.com\/#\/schema\/logo\/image\/\",\"url\":\"https:\/\/elglop.com\/wp-content\/uploads\/2022\/12\/EL-GLOP_PARA-FONDO-CLARO.png\",\"contentUrl\":\"https:\/\/elglop.com\/wp-content\/uploads\/2022\/12\/EL-GLOP_PARA-FONDO-CLARO.png\",\"width\":2647,\"height\":1899,\"caption\":\"El Glop Barcelona\"},\"image\":{\"@id\":\"https:\/\/elglop.com\/#\/schema\/logo\/image\/\"}}]}<\/script>\n<!-- \/ Yoast SEO plugin. -->","yoast_head_json":{"title":"Pol\u00edtica de Privacidad - El Glop Barcelona","description":"Pol\u00edtica de Privacitat Responsable del TratamientoL'empresa responsable del tractament de les seves dades en virtut d'aquesta Pol\u00edtica de privadesa","robots":{"index":"noindex","follow":"nofollow"},"og_locale":"ca_ES","og_type":"article","og_title":"Pol\u00edtica de Privacidad - El Glop Barcelona","og_description":"Pol\u00edtica de Privacitat Responsable del TratamientoL'empresa responsable del tractament de les seves dades en virtut d'aquesta Pol\u00edtica de privadesa","og_url":"https:\/\/elglop.com\/ca\/politica-de-privacidad\/","og_site_name":"El Glop Barcelona","article_modified_time":"2026-02-26T10:05:14+00:00","twitter_card":"summary_large_image","twitter_misc":{"Temps estimat de lectura":"6 minuts"},"schema":{"@context":"https:\/\/schema.org","@graph":[{"@type":"WebPage","@id":"https:\/\/elglop.com\/ca\/politica-de-privacidad\/","url":"https:\/\/elglop.com\/ca\/politica-de-privacidad\/","name":"Pol\u00edtica de Privacidad - El Glop Barcelona","isPartOf":{"@id":"https:\/\/elglop.com\/#website"},"datePublished":"2023-03-06T09:52:13+00:00","dateModified":"2026-02-26T10:05:14+00:00","description":"Pol\u00edtica de Privacitat Responsable del TratamientoL'empresa responsable del tractament de les seves dades en virtut d'aquesta Pol\u00edtica de privadesa","breadcrumb":{"@id":"https:\/\/elglop.com\/ca\/politica-de-privacidad\/#breadcrumb"},"inLanguage":"ca","potentialAction":[{"@type":"ReadAction","target":["https:\/\/elglop.com\/ca\/politica-de-privacidad\/"]}]},{"@type":"BreadcrumbList","@id":"https:\/\/elglop.com\/ca\/politica-de-privacidad\/#breadcrumb","itemListElement":[{"@type":"ListItem","position":1,"name":"Portada","item":"https:\/\/elglop.com\/ca\/"},{"@type":"ListItem","position":2,"name":"Pol\u00edtica de Privacidad"}]},{"@type":"WebSite","@id":"https:\/\/elglop.com\/#website","url":"https:\/\/elglop.com\/","name":"El Glop Barcelona","description":"Restaurante en Barcelona. Cocina catalana y mediterranea","publisher":{"@id":"https:\/\/elglop.com\/#organization"},"potentialAction":[{"@type":"SearchAction","target":{"@type":"EntryPoint","urlTemplate":"https:\/\/elglop.com\/?s={search_term_string}"},"query-input":{"@type":"PropertyValueSpecification","valueRequired":true,"valueName":"search_term_string"}}],"inLanguage":"ca"},{"@type":"Organization","@id":"https:\/\/elglop.com\/#organization","name":"El Glop Barcelona","url":"https:\/\/elglop.com\/","logo":{"@type":"ImageObject","inLanguage":"ca","@id":"https:\/\/elglop.com\/#\/schema\/logo\/image\/","url":"https:\/\/elglop.com\/wp-content\/uploads\/2022\/12\/EL-GLOP_PARA-FONDO-CLARO.png","contentUrl":"https:\/\/elglop.com\/wp-content\/uploads\/2022\/12\/EL-GLOP_PARA-FONDO-CLARO.png","width":2647,"height":1899,"caption":"El Glop Barcelona"},"image":{"@id":"https:\/\/elglop.com\/#\/schema\/logo\/image\/"}}]}},"_links":{"self":[{"href":"https:\/\/elglop.com\/ca\/wp-json\/wp\/v2\/pages\/1906","targetHints":{"allow":["GET"]}}],"collection":[{"href":"https:\/\/elglop.com\/ca\/wp-json\/wp\/v2\/pages"}],"about":[{"href":"https:\/\/elglop.com\/ca\/wp-json\/wp\/v2\/types\/page"}],"author":[{"embeddable":true,"href":"https:\/\/elglop.com\/ca\/wp-json\/wp\/v2\/users\/7"}],"replies":[{"embeddable":true,"href":"https:\/\/elglop.com\/ca\/wp-json\/wp\/v2\/comments?post=1906"}],"version-history":[{"count":10,"href":"https:\/\/elglop.com\/ca\/wp-json\/wp\/v2\/pages\/1906\/revisions"}],"predecessor-version":[{"id":4188,"href":"https:\/\/elglop.com\/ca\/wp-json\/wp\/v2\/pages\/1906\/revisions\/4188"}],"wp:attachment":[{"href":"https:\/\/elglop.com\/ca\/wp-json\/wp\/v2\/media?parent=1906"}],"curies":[{"name":"wp","href":"https:\/\/api.w.org\/{rel}","templated":true}]}}